{"id":127,"date":"2023-12-30T17:04:53","date_gmt":"2023-12-30T16:04:53","guid":{"rendered":"https:\/\/www.domainedebregancon.com\/?page_id=127"},"modified":"2023-12-30T17:04:53","modified_gmt":"2023-12-30T16:04:53","slug":"carignan","status":"publish","type":"page","link":"https:\/\/www.domainedebregancon.com\/?page_id=127","title":{"rendered":"Carignan"},"content":{"rendered":"<p><strong>Synonymie et G\u00e9ographie<\/strong> : Le Carignan, connu sous divers noms comme Carignane, Bois Dur, Plant d&rsquo;Espagne, est originaire d&rsquo;Espagne, sp\u00e9cifiquement de la ville de Carinena en Aragon. Il est largement cultiv\u00e9 dans les Pyr\u00e9n\u00e9es-Orientales et l&rsquo;Aude en France, avec une pr\u00e9sence notable aussi dans l&rsquo;H\u00e9rault, le Gard, et la Provence.<\/p>\n<p><strong>Description Physique<\/strong> : Le Carignan est un c\u00e9page vigoureux avec un port \u00e9rig\u00e9. Il se caract\u00e9rise par de gros bourgeons, des rameaux longs et robustes, et des feuilles grandes et quinqu\u00e9lob\u00e9es. Les grappes sont de taille moyenne \u00e0 grosses, avec des grains noirs, fermes, et une peau \u00e9paisse.<\/p>\n<p><img decoding=\"async\" class=\"size-medium wp-image-116 alignright\" src=\"https:\/\/www.domainedebregancon.com\/wp-content\/uploads\/2023\/12\/Carignan-gravure-Ampelographie-Viala-Vermorel-T6-205x300.jpg\" alt=\"\" width=\"205\" height=\"300\" srcset=\"https:\/\/www.domainedebregancon.com\/wp-content\/uploads\/2023\/12\/Carignan-gravure-Ampelographie-Viala-Vermorel-T6-205x300.jpg 205w, https:\/\/www.domainedebregancon.com\/wp-content\/uploads\/2023\/12\/Carignan-gravure-Ampelographie-Viala-Vermorel-T6-701x1024.jpg 701w, https:\/\/www.domainedebregancon.com\/wp-content\/uploads\/2023\/12\/Carignan-gravure-Ampelographie-Viala-Vermorel-T6-768x1122.jpg 768w, https:\/\/www.domainedebregancon.com\/wp-content\/uploads\/2023\/12\/Carignan-gravure-Ampelographie-Viala-Vermorel-T6.jpg 1024w\" sizes=\"(max-width: 205px) 100vw, 205px\" \/><\/p>\n<p><strong>Culture et Vinification<\/strong> : Le Carignan pr\u00e9f\u00e8re les terrains de coteau et donne de meilleurs r\u00e9sultats dans les sols secs. Il est adapt\u00e9 \u00e0 divers climats, r\u00e9sistant bien au froid hivernal et aux gel\u00e9es tardives. En termes de vinification, il produit un vin color\u00e9, alcoolique, et fruit\u00e9. Avec l&rsquo;\u00e2ge, le vin acquiert un bouquet agr\u00e9able, et il est souvent utilis\u00e9 dans des assemblages pour am\u00e9liorer d&rsquo;autres vins.<\/p>\n<p><strong>Qualit\u00e9s et D\u00e9fauts<\/strong> : Le Carignan offre de nombreux avantages, notamment son adaptation \u00e0 diff\u00e9rents sols, sa fertilit\u00e9 pr\u00e9coce et r\u00e9guli\u00e8re, et la qualit\u00e9 de son vin. Cependant, il pr\u00e9sente des sensibilit\u00e9s aux maladies cryptogamiques comme le Charbon, l&rsquo;O\u00efdium, et le Mildiou.<\/p>\n<p><strong>Importance et Applications<\/strong> : Ce c\u00e9page est particuli\u00e8rement pr\u00e9cieux pour la viticulture m\u00e9ridionale, s&rsquo;adaptant \u00e0 tous les types de sols et contribuant significativement \u00e0 la production de vins de qualit\u00e9 dans des climats chauds et secs, comme en Alg\u00e9rie et en Tunisie.<\/p>\n","protected":false},"excerpt":{"rendered":"<p>Synonymie et G\u00e9ographie : Le Carignan, connu sous divers noms comme Carignane, Bois Dur, Plant d&rsquo;Espagne, est originaire d&rsquo;Espagne, sp\u00e9cifiquement de la ville de Carinena en Aragon. Il est largement cultiv\u00e9 dans les Pyr\u00e9n\u00e9es-Orientales et l&rsquo;Aude en France, avec une pr\u00e9sence notable aussi dans l&rsquo;H\u00e9rault, le Gard, et la Provence. Description Physique : Le Carignan [&hellip;]<\/p>\n","protected":false},"author":1,"featured_media":0,"parent":0,"menu_order":0,"comment_status":"closed","ping_status":"closed","template":"","meta":{"footnotes":""},"class_list":["post-127","page","type-page","status-publish","hentry"],"yoast_head":"<!-- This site is optimized with the Yoast SEO plugin v26.4 - https:\/\/yoast.com\/wordpress\/plugins\/seo\/ -->\n<title>Carignan - Domaine de Br\u00e9gan\u00e7on - Viticulture et agriculture - 1816<\/title>\n<meta name=\"robots\" content=\"index, follow, max-snippet:-1, max-image-preview:large, max-video-preview:-1\" \/>\n<link rel=\"canonical\" href=\"https:\/\/www.domainedebregancon.com\/?page_id=127\" \/>\n<meta property=\"og:locale\" content=\"fr_FR\" \/>\n<meta property=\"og:type\" content=\"article\" \/>\n<meta property=\"og:title\" content=\"Carignan - Domaine de Br\u00e9gan\u00e7on - Viticulture et agriculture - 1816\" \/>\n<meta property=\"og:description\" content=\"Synonymie et G\u00e9ographie : Le Carignan, connu sous divers noms comme Carignane, Bois Dur, Plant d&rsquo;Espagne, est originaire d&rsquo;Espagne, sp\u00e9cifiquement de la ville de Carinena en Aragon. Il est largement cultiv\u00e9 dans les Pyr\u00e9n\u00e9es-Orientales et l&rsquo;Aude en France, avec une pr\u00e9sence notable aussi dans l&rsquo;H\u00e9rault, le Gard, et la Provence. Description Physique : Le Carignan [&hellip;]\" \/>\n<meta property=\"og:url\" content=\"https:\/\/www.domainedebregancon.com\/?page_id=127\" \/>\n<meta property=\"og:site_name\" content=\"Domaine de Br\u00e9gan\u00e7on - Viticulture et agriculture - 1816\" \/>\n<meta property=\"article:publisher\" content=\"https:\/\/www.facebook.com\/profile.php?id=100091526043313\" \/>\n<meta property=\"og:image\" content=\"https:\/\/www.domainedebregancon.com\/wp-content\/uploads\/2023\/12\/Carignan-gravure-Ampelographie-Viala-Vermorel-T6-205x300.jpg\" \/>\n<meta name=\"twitter:card\" content=\"summary_large_image\" \/>\n<meta name=\"twitter:site\" content=\"@bregancond\" \/>\n<meta name=\"twitter:label1\" content=\"Dur\u00e9e de lecture estim\u00e9e\" \/>\n\t<meta name=\"twitter:data1\" content=\"2 minutes\" \/>\n<script type=\"application\/ld+json\" class=\"yoast-schema-graph\">{\"@context\":\"https:\/\/schema.org\",\"@graph\":[{\"@type\":\"WebPage\",\"@id\":\"https:\/\/www.domainedebregancon.com\/?page_id=127\",\"url\":\"https:\/\/www.domainedebregancon.com\/?page_id=127\",\"name\":\"Carignan - Domaine de Br\u00e9gan\u00e7on - Viticulture et agriculture - 1816\",\"isPartOf\":{\"@id\":\"https:\/\/www.domainedebregancon.com\/#website\"},\"primaryImageOfPage\":{\"@id\":\"https:\/\/www.domainedebregancon.com\/?page_id=127#primaryimage\"},\"image\":{\"@id\":\"https:\/\/www.domainedebregancon.com\/?page_id=127#primaryimage\"},\"thumbnailUrl\":\"https:\/\/www.domainedebregancon.com\/wp-content\/uploads\/2023\/12\/Carignan-gravure-Ampelographie-Viala-Vermorel-T6-205x300.jpg\",\"datePublished\":\"2023-12-30T16:04:53+00:00\",\"breadcrumb\":{\"@id\":\"https:\/\/www.domainedebregancon.com\/?page_id=127#breadcrumb\"},\"inLanguage\":\"fr-FR\",\"potentialAction\":[{\"@type\":\"ReadAction\",\"target\":[\"https:\/\/www.domainedebregancon.com\/?page_id=127\"]}]},{\"@type\":\"ImageObject\",\"inLanguage\":\"fr-FR\",\"@id\":\"https:\/\/www.domainedebregancon.com\/?page_id=127#primaryimage\",\"url\":\"https:\/\/www.domainedebregancon.com\/wp-content\/uploads\/2023\/12\/Carignan-gravure-Ampelographie-Viala-Vermorel-T6.jpg\",\"contentUrl\":\"https:\/\/www.domainedebregancon.com\/wp-content\/uploads\/2023\/12\/Carignan-gravure-Ampelographie-Viala-Vermorel-T6.jpg\",\"width\":1024,\"height\":1496,\"caption\":\"carignan grappe\"},{\"@type\":\"BreadcrumbList\",\"@id\":\"https:\/\/www.domainedebregancon.com\/?page_id=127#breadcrumb\",\"itemListElement\":[{\"@type\":\"ListItem\",\"position\":1,\"name\":\"Accueil\",\"item\":\"https:\/\/www.domainedebregancon.com\/\"},{\"@type\":\"ListItem\",\"position\":2,\"name\":\"Carignan\"}]},{\"@type\":\"WebSite\",\"@id\":\"https:\/\/www.domainedebregancon.com\/#website\",\"url\":\"https:\/\/www.domainedebregancon.com\/\",\"name\":\"Domaine de Br\u00e9gan\u00e7on\",\"description\":\"\",\"publisher\":{\"@id\":\"https:\/\/www.domainedebregancon.com\/#organization\"},\"potentialAction\":[{\"@type\":\"SearchAction\",\"target\":{\"@type\":\"EntryPoint\",\"urlTemplate\":\"https:\/\/www.domainedebregancon.com\/?s={search_term_string}\"},\"query-input\":{\"@type\":\"PropertyValueSpecification\",\"valueRequired\":true,\"valueName\":\"search_term_string\"}}],\"inLanguage\":\"fr-FR\"},{\"@type\":\"Organization\",\"@id\":\"https:\/\/www.domainedebregancon.com\/#organization\",\"name\":\"DOMAINE DE BREGANCON\",\"url\":\"https:\/\/www.domainedebregancon.com\/\",\"logo\":{\"@type\":\"ImageObject\",\"inLanguage\":\"fr-FR\",\"@id\":\"https:\/\/www.domainedebregancon.com\/#\/schema\/logo\/image\/\",\"url\":\"https:\/\/www.domainedebregancon.com\/wp-content\/uploads\/2023\/01\/Logo-Domaine-de-Bregancon-1.png\",\"contentUrl\":\"https:\/\/www.domainedebregancon.com\/wp-content\/uploads\/2023\/01\/Logo-Domaine-de-Bregancon-1.png\",\"width\":737,\"height\":150,\"caption\":\"DOMAINE DE BREGANCON\"},\"image\":{\"@id\":\"https:\/\/www.domainedebregancon.com\/#\/schema\/logo\/image\/\"},\"sameAs\":[\"https:\/\/www.facebook.com\/profile.php?id=100091526043313\",\"https:\/\/x.com\/bregancond\",\"https:\/\/instagram.com\/domaine_de_bregancon\",\"https:\/\/www.linkedin.com\/company\/domaine-de-brganon\/\"]}]}<\/script>\n<!-- \/ Yoast SEO plugin. -->","yoast_head_json":{"title":"Carignan - Domaine de Br\u00e9gan\u00e7on - Viticulture et agriculture - 1816","robots":{"index":"index","follow":"follow","max-snippet":"max-snippet:-1","max-image-preview":"max-image-preview:large","max-video-preview":"max-video-preview:-1"},"canonical":"https:\/\/www.domainedebregancon.com\/?page_id=127","og_locale":"fr_FR","og_type":"article","og_title":"Carignan - Domaine de Br\u00e9gan\u00e7on - Viticulture et agriculture - 1816","og_description":"Synonymie et G\u00e9ographie : Le Carignan, connu sous divers noms comme Carignane, Bois Dur, Plant d&rsquo;Espagne, est originaire d&rsquo;Espagne, sp\u00e9cifiquement de la ville de Carinena en Aragon. Il est largement cultiv\u00e9 dans les Pyr\u00e9n\u00e9es-Orientales et l&rsquo;Aude en France, avec une pr\u00e9sence notable aussi dans l&rsquo;H\u00e9rault, le Gard, et la Provence. Description Physique : Le Carignan [&hellip;]","og_url":"https:\/\/www.domainedebregancon.com\/?page_id=127","og_site_name":"Domaine de Br\u00e9gan\u00e7on - Viticulture et agriculture - 1816","article_publisher":"https:\/\/www.facebook.com\/profile.php?id=100091526043313","og_image":[{"url":"https:\/\/www.domainedebregancon.com\/wp-content\/uploads\/2023\/12\/Carignan-gravure-Ampelographie-Viala-Vermorel-T6-205x300.jpg","type":"","width":"","height":""}],"twitter_card":"summary_large_image","twitter_site":"@bregancond","twitter_misc":{"Dur\u00e9e de lecture estim\u00e9e":"2 minutes"},"schema":{"@context":"https:\/\/schema.org","@graph":[{"@type":"WebPage","@id":"https:\/\/www.domainedebregancon.com\/?page_id=127","url":"https:\/\/www.domainedebregancon.com\/?page_id=127","name":"Carignan - Domaine de Br\u00e9gan\u00e7on - Viticulture et agriculture - 1816","isPartOf":{"@id":"https:\/\/www.domainedebregancon.com\/#website"},"primaryImageOfPage":{"@id":"https:\/\/www.domainedebregancon.com\/?page_id=127#primaryimage"},"image":{"@id":"https:\/\/www.domainedebregancon.com\/?page_id=127#primaryimage"},"thumbnailUrl":"https:\/\/www.domainedebregancon.com\/wp-content\/uploads\/2023\/12\/Carignan-gravure-Ampelographie-Viala-Vermorel-T6-205x300.jpg","datePublished":"2023-12-30T16:04:53+00:00","breadcrumb":{"@id":"https:\/\/www.domainedebregancon.com\/?page_id=127#breadcrumb"},"inLanguage":"fr-FR","potentialAction":[{"@type":"ReadAction","target":["https:\/\/www.domainedebregancon.com\/?page_id=127"]}]},{"@type":"ImageObject","inLanguage":"fr-FR","@id":"https:\/\/www.domainedebregancon.com\/?page_id=127#primaryimage","url":"https:\/\/www.domainedebregancon.com\/wp-content\/uploads\/2023\/12\/Carignan-gravure-Ampelographie-Viala-Vermorel-T6.jpg","contentUrl":"https:\/\/www.domainedebregancon.com\/wp-content\/uploads\/2023\/12\/Carignan-gravure-Ampelographie-Viala-Vermorel-T6.jpg","width":1024,"height":1496,"caption":"carignan grappe"},{"@type":"BreadcrumbList","@id":"https:\/\/www.domainedebregancon.com\/?page_id=127#breadcrumb","itemListElement":[{"@type":"ListItem","position":1,"name":"Accueil","item":"https:\/\/www.domainedebregancon.com\/"},{"@type":"ListItem","position":2,"name":"Carignan"}]},{"@type":"WebSite","@id":"https:\/\/www.domainedebregancon.com\/#website","url":"https:\/\/www.domainedebregancon.com\/","name":"Domaine de Br\u00e9gan\u00e7on","description":"","publisher":{"@id":"https:\/\/www.domainedebregancon.com\/#organization"},"potentialAction":[{"@type":"SearchAction","target":{"@type":"EntryPoint","urlTemplate":"https:\/\/www.domainedebregancon.com\/?s={search_term_string}"},"query-input":{"@type":"PropertyValueSpecification","valueRequired":true,"valueName":"search_term_string"}}],"inLanguage":"fr-FR"},{"@type":"Organization","@id":"https:\/\/www.domainedebregancon.com\/#organization","name":"DOMAINE DE BREGANCON","url":"https:\/\/www.domainedebregancon.com\/","logo":{"@type":"ImageObject","inLanguage":"fr-FR","@id":"https:\/\/www.domainedebregancon.com\/#\/schema\/logo\/image\/","url":"https:\/\/www.domainedebregancon.com\/wp-content\/uploads\/2023\/01\/Logo-Domaine-de-Bregancon-1.png","contentUrl":"https:\/\/www.domainedebregancon.com\/wp-content\/uploads\/2023\/01\/Logo-Domaine-de-Bregancon-1.png","width":737,"height":150,"caption":"DOMAINE DE BREGANCON"},"image":{"@id":"https:\/\/www.domainedebregancon.com\/#\/schema\/logo\/image\/"},"sameAs":["https:\/\/www.facebook.com\/profile.php?id=100091526043313","https:\/\/x.com\/bregancond","https:\/\/instagram.com\/domaine_de_bregancon","https:\/\/www.linkedin.com\/company\/domaine-de-brganon\/"]}]}},"jetpack_sharing_enabled":true,"_links":{"self":[{"href":"https:\/\/www.domainedebregancon.com\/index.php?rest_route=\/wp\/v2\/pages\/127","targetHints":{"allow":["GET"]}}],"collection":[{"href":"https:\/\/www.domainedebregancon.com\/index.php?rest_route=\/wp\/v2\/pages"}],"about":[{"href":"https:\/\/www.domainedebregancon.com\/index.php?rest_route=\/wp\/v2\/types\/page"}],"author":[{"embeddable":true,"href":"https:\/\/www.domainedebregancon.com\/index.php?rest_route=\/wp\/v2\/users\/1"}],"replies":[{"embeddable":true,"href":"https:\/\/www.domainedebregancon.com\/index.php?rest_route=%2Fwp%2Fv2%2Fcomments&post=127"}],"version-history":[{"count":1,"href":"https:\/\/www.domainedebregancon.com\/index.php?rest_route=\/wp\/v2\/pages\/127\/revisions"}],"predecessor-version":[{"id":128,"href":"https:\/\/www.domainedebregancon.com\/index.php?rest_route=\/wp\/v2\/pages\/127\/revisions\/128"}],"wp:attachment":[{"href":"https:\/\/www.domainedebregancon.com\/index.php?rest_route=%2Fwp%2Fv2%2Fmedia&parent=127"}],"curies":[{"name":"wp","href":"https:\/\/api.w.org\/{rel}","templated":true}]}}