{"id":132,"date":"2023-12-30T17:04:40","date_gmt":"2023-12-30T16:04:40","guid":{"rendered":"https:\/\/www.domainedebregancon.com\/?page_id=132"},"modified":"2023-12-30T17:04:40","modified_gmt":"2023-12-30T16:04:40","slug":"cabernet-sauvignon","status":"publish","type":"page","link":"https:\/\/www.domainedebregancon.com\/?page_id=132","title":{"rendered":"Cabernet Sauvignon"},"content":{"rendered":"<p><strong>Synonymie et Histoire<\/strong> : Le Cabernet Sauvignon, \u00e9galement connu sous d&rsquo;autres noms tels que Petit Cabernet, Vidure, et Sauvignonne, poss\u00e8de une histoire riche, remontant \u00e0 l&rsquo;\u00e9poque du cardinal de Richelieu. Il est originaire de la Gironde, en France, o\u00f9 il a \u00e9t\u00e9 distingu\u00e9 et cultiv\u00e9 depuis des si\u00e8cles.<\/p>\n<p><strong>Description Amp\u00e9lographique<\/strong> : Le Cabernet Sauvignon se caract\u00e9rise par une souche droite et vigoureuse, avec des bourgeons pointus et des rameaux \u00e9rig\u00e9s, rigides et cassants. Les feuilles sont minces, orbiculaires, souvent tourment\u00e9es, avec un sinus p\u00e9tiolaire profond. Les grappes sont de longueur et de grosseur moyennes, avec des grains ronds, petits et in\u00e9gaux, d&rsquo;une couleur bleu noir\u00e2tre et une peau \u00e9paisse.<\/p>\n<p><img decoding=\"async\" class=\"size-medium wp-image-120 alignright\" src=\"https:\/\/www.domainedebregancon.com\/wp-content\/uploads\/2023\/12\/Cabernet-Sauvignon-gravure-Ampelographie-Viala-Vermorel-T2-210x300.jpg\" alt=\"\" width=\"210\" height=\"300\" srcset=\"https:\/\/www.domainedebregancon.com\/wp-content\/uploads\/2023\/12\/Cabernet-Sauvignon-gravure-Ampelographie-Viala-Vermorel-T2-210x300.jpg 210w, https:\/\/www.domainedebregancon.com\/wp-content\/uploads\/2023\/12\/Cabernet-Sauvignon-gravure-Ampelographie-Viala-Vermorel-T2-717x1024.jpg 717w, https:\/\/www.domainedebregancon.com\/wp-content\/uploads\/2023\/12\/Cabernet-Sauvignon-gravure-Ampelographie-Viala-Vermorel-T2-768x1097.jpg 768w, https:\/\/www.domainedebregancon.com\/wp-content\/uploads\/2023\/12\/Cabernet-Sauvignon-gravure-Ampelographie-Viala-Vermorel-T2.jpg 1024w\" sizes=\"(max-width: 210px) 100vw, 210px\" \/><\/p>\n<p><strong>Culture<\/strong> : Ce c\u00e9page est connu pour sa r\u00e9gularit\u00e9 de production et sa grande r\u00e9sistance \u00e0 la s\u00e9cheresse, \u00e0 l&rsquo;\u00e9chaudage et \u00e0 diverses maladies. Il est moins vigoureux en termes de production, mais se distingue par la qualit\u00e9 exceptionnelle de ses fruits.<\/p>\n<p><strong>Aire G\u00e9ographique<\/strong> : Le Cabernet Sauvignon est cultiv\u00e9 dans le monde entier, notamment en Europe, en Alg\u00e9rie, en Am\u00e9rique, en Australie, et en Californie. Dans la Gironde, il joue un r\u00f4le capital dans la composition des vins, notamment dans le M\u00e9doc, o\u00f9 il constitue une grande partie des plantations.<\/p>\n<p><strong>Vinification<\/strong> : Le Cabernet Sauvignon produit un vin noir, cors\u00e9, fin, avec un bouquet caract\u00e9ristique, notamment une odeur de violette. Bien que dur au d\u00e9but, il vieillit lentement et se conserve longtemps, gagnant en complexit\u00e9 avec l&rsquo;\u00e2ge.<\/p>\n<p>&nbsp;<\/p>\n","protected":false},"excerpt":{"rendered":"<p>Synonymie et Histoire : Le Cabernet Sauvignon, \u00e9galement connu sous d&rsquo;autres noms tels que Petit Cabernet, Vidure, et Sauvignonne, poss\u00e8de une histoire riche, remontant \u00e0 l&rsquo;\u00e9poque du cardinal de Richelieu. Il est originaire de la Gironde, en France, o\u00f9 il a \u00e9t\u00e9 distingu\u00e9 et cultiv\u00e9 depuis des si\u00e8cles. Description Amp\u00e9lographique : Le Cabernet Sauvignon se [&hellip;]<\/p>\n","protected":false},"author":1,"featured_media":0,"parent":0,"menu_order":0,"comment_status":"closed","ping_status":"closed","template":"","meta":{"footnotes":""},"class_list":["post-132","page","type-page","status-publish","hentry"],"yoast_head":"<!-- This site is optimized with the Yoast SEO plugin v26.4 - https:\/\/yoast.com\/wordpress\/plugins\/seo\/ -->\n<title>Cabernet Sauvignon - Domaine de Br\u00e9gan\u00e7on - Viticulture et agriculture - 1816<\/title>\n<meta name=\"robots\" content=\"index, follow, max-snippet:-1, max-image-preview:large, max-video-preview:-1\" \/>\n<link rel=\"canonical\" href=\"https:\/\/www.domainedebregancon.com\/?page_id=132\" \/>\n<meta property=\"og:locale\" content=\"fr_FR\" \/>\n<meta property=\"og:type\" content=\"article\" \/>\n<meta property=\"og:title\" content=\"Cabernet Sauvignon - Domaine de Br\u00e9gan\u00e7on - Viticulture et agriculture - 1816\" \/>\n<meta property=\"og:description\" content=\"Synonymie et Histoire : Le Cabernet Sauvignon, \u00e9galement connu sous d&rsquo;autres noms tels que Petit Cabernet, Vidure, et Sauvignonne, poss\u00e8de une histoire riche, remontant \u00e0 l&rsquo;\u00e9poque du cardinal de Richelieu. Il est originaire de la Gironde, en France, o\u00f9 il a \u00e9t\u00e9 distingu\u00e9 et cultiv\u00e9 depuis des si\u00e8cles. Description Amp\u00e9lographique : Le Cabernet Sauvignon se [&hellip;]\" \/>\n<meta property=\"og:url\" content=\"https:\/\/www.domainedebregancon.com\/?page_id=132\" \/>\n<meta property=\"og:site_name\" content=\"Domaine de Br\u00e9gan\u00e7on - Viticulture et agriculture - 1816\" \/>\n<meta property=\"article:publisher\" content=\"https:\/\/www.facebook.com\/profile.php?id=100091526043313\" \/>\n<meta property=\"og:image\" content=\"https:\/\/www.domainedebregancon.com\/wp-content\/uploads\/2023\/12\/Cabernet-Sauvignon-gravure-Ampelographie-Viala-Vermorel-T2-210x300.jpg\" \/>\n<meta name=\"twitter:card\" content=\"summary_large_image\" \/>\n<meta name=\"twitter:site\" content=\"@bregancond\" \/>\n<meta name=\"twitter:label1\" content=\"Dur\u00e9e de lecture estim\u00e9e\" \/>\n\t<meta name=\"twitter:data1\" content=\"2 minutes\" \/>\n<script type=\"application\/ld+json\" class=\"yoast-schema-graph\">{\"@context\":\"https:\/\/schema.org\",\"@graph\":[{\"@type\":\"WebPage\",\"@id\":\"https:\/\/www.domainedebregancon.com\/?page_id=132\",\"url\":\"https:\/\/www.domainedebregancon.com\/?page_id=132\",\"name\":\"Cabernet Sauvignon - Domaine de Br\u00e9gan\u00e7on - Viticulture et agriculture - 1816\",\"isPartOf\":{\"@id\":\"https:\/\/www.domainedebregancon.com\/#website\"},\"primaryImageOfPage\":{\"@id\":\"https:\/\/www.domainedebregancon.com\/?page_id=132#primaryimage\"},\"image\":{\"@id\":\"https:\/\/www.domainedebregancon.com\/?page_id=132#primaryimage\"},\"thumbnailUrl\":\"https:\/\/www.domainedebregancon.com\/wp-content\/uploads\/2023\/12\/Cabernet-Sauvignon-gravure-Ampelographie-Viala-Vermorel-T2-210x300.jpg\",\"datePublished\":\"2023-12-30T16:04:40+00:00\",\"breadcrumb\":{\"@id\":\"https:\/\/www.domainedebregancon.com\/?page_id=132#breadcrumb\"},\"inLanguage\":\"fr-FR\",\"potentialAction\":[{\"@type\":\"ReadAction\",\"target\":[\"https:\/\/www.domainedebregancon.com\/?page_id=132\"]}]},{\"@type\":\"ImageObject\",\"inLanguage\":\"fr-FR\",\"@id\":\"https:\/\/www.domainedebregancon.com\/?page_id=132#primaryimage\",\"url\":\"https:\/\/www.domainedebregancon.com\/wp-content\/uploads\/2023\/12\/Cabernet-Sauvignon-gravure-Ampelographie-Viala-Vermorel-T2.jpg\",\"contentUrl\":\"https:\/\/www.domainedebregancon.com\/wp-content\/uploads\/2023\/12\/Cabernet-Sauvignon-gravure-Ampelographie-Viala-Vermorel-T2.jpg\",\"width\":1024,\"height\":1462,\"caption\":\"cabernet sauvignon grappe\"},{\"@type\":\"BreadcrumbList\",\"@id\":\"https:\/\/www.domainedebregancon.com\/?page_id=132#breadcrumb\",\"itemListElement\":[{\"@type\":\"ListItem\",\"position\":1,\"name\":\"Accueil\",\"item\":\"https:\/\/www.domainedebregancon.com\/\"},{\"@type\":\"ListItem\",\"position\":2,\"name\":\"Cabernet Sauvignon\"}]},{\"@type\":\"WebSite\",\"@id\":\"https:\/\/www.domainedebregancon.com\/#website\",\"url\":\"https:\/\/www.domainedebregancon.com\/\",\"name\":\"Domaine de Br\u00e9gan\u00e7on\",\"description\":\"\",\"publisher\":{\"@id\":\"https:\/\/www.domainedebregancon.com\/#organization\"},\"potentialAction\":[{\"@type\":\"SearchAction\",\"target\":{\"@type\":\"EntryPoint\",\"urlTemplate\":\"https:\/\/www.domainedebregancon.com\/?s={search_term_string}\"},\"query-input\":{\"@type\":\"PropertyValueSpecification\",\"valueRequired\":true,\"valueName\":\"search_term_string\"}}],\"inLanguage\":\"fr-FR\"},{\"@type\":\"Organization\",\"@id\":\"https:\/\/www.domainedebregancon.com\/#organization\",\"name\":\"DOMAINE DE BREGANCON\",\"url\":\"https:\/\/www.domainedebregancon.com\/\",\"logo\":{\"@type\":\"ImageObject\",\"inLanguage\":\"fr-FR\",\"@id\":\"https:\/\/www.domainedebregancon.com\/#\/schema\/logo\/image\/\",\"url\":\"https:\/\/www.domainedebregancon.com\/wp-content\/uploads\/2023\/01\/Logo-Domaine-de-Bregancon-1.png\",\"contentUrl\":\"https:\/\/www.domainedebregancon.com\/wp-content\/uploads\/2023\/01\/Logo-Domaine-de-Bregancon-1.png\",\"width\":737,\"height\":150,\"caption\":\"DOMAINE DE BREGANCON\"},\"image\":{\"@id\":\"https:\/\/www.domainedebregancon.com\/#\/schema\/logo\/image\/\"},\"sameAs\":[\"https:\/\/www.facebook.com\/profile.php?id=100091526043313\",\"https:\/\/x.com\/bregancond\",\"https:\/\/instagram.com\/domaine_de_bregancon\",\"https:\/\/www.linkedin.com\/company\/domaine-de-brganon\/\"]}]}<\/script>\n<!-- \/ Yoast SEO plugin. -->","yoast_head_json":{"title":"Cabernet Sauvignon - Domaine de Br\u00e9gan\u00e7on - Viticulture et agriculture - 1816","robots":{"index":"index","follow":"follow","max-snippet":"max-snippet:-1","max-image-preview":"max-image-preview:large","max-video-preview":"max-video-preview:-1"},"canonical":"https:\/\/www.domainedebregancon.com\/?page_id=132","og_locale":"fr_FR","og_type":"article","og_title":"Cabernet Sauvignon - Domaine de Br\u00e9gan\u00e7on - Viticulture et agriculture - 1816","og_description":"Synonymie et Histoire : Le Cabernet Sauvignon, \u00e9galement connu sous d&rsquo;autres noms tels que Petit Cabernet, Vidure, et Sauvignonne, poss\u00e8de une histoire riche, remontant \u00e0 l&rsquo;\u00e9poque du cardinal de Richelieu. Il est originaire de la Gironde, en France, o\u00f9 il a \u00e9t\u00e9 distingu\u00e9 et cultiv\u00e9 depuis des si\u00e8cles. Description Amp\u00e9lographique : Le Cabernet Sauvignon se [&hellip;]","og_url":"https:\/\/www.domainedebregancon.com\/?page_id=132","og_site_name":"Domaine de Br\u00e9gan\u00e7on - Viticulture et agriculture - 1816","article_publisher":"https:\/\/www.facebook.com\/profile.php?id=100091526043313","og_image":[{"url":"https:\/\/www.domainedebregancon.com\/wp-content\/uploads\/2023\/12\/Cabernet-Sauvignon-gravure-Ampelographie-Viala-Vermorel-T2-210x300.jpg","type":"","width":"","height":""}],"twitter_card":"summary_large_image","twitter_site":"@bregancond","twitter_misc":{"Dur\u00e9e de lecture estim\u00e9e":"2 minutes"},"schema":{"@context":"https:\/\/schema.org","@graph":[{"@type":"WebPage","@id":"https:\/\/www.domainedebregancon.com\/?page_id=132","url":"https:\/\/www.domainedebregancon.com\/?page_id=132","name":"Cabernet Sauvignon - Domaine de Br\u00e9gan\u00e7on - Viticulture et agriculture - 1816","isPartOf":{"@id":"https:\/\/www.domainedebregancon.com\/#website"},"primaryImageOfPage":{"@id":"https:\/\/www.domainedebregancon.com\/?page_id=132#primaryimage"},"image":{"@id":"https:\/\/www.domainedebregancon.com\/?page_id=132#primaryimage"},"thumbnailUrl":"https:\/\/www.domainedebregancon.com\/wp-content\/uploads\/2023\/12\/Cabernet-Sauvignon-gravure-Ampelographie-Viala-Vermorel-T2-210x300.jpg","datePublished":"2023-12-30T16:04:40+00:00","breadcrumb":{"@id":"https:\/\/www.domainedebregancon.com\/?page_id=132#breadcrumb"},"inLanguage":"fr-FR","potentialAction":[{"@type":"ReadAction","target":["https:\/\/www.domainedebregancon.com\/?page_id=132"]}]},{"@type":"ImageObject","inLanguage":"fr-FR","@id":"https:\/\/www.domainedebregancon.com\/?page_id=132#primaryimage","url":"https:\/\/www.domainedebregancon.com\/wp-content\/uploads\/2023\/12\/Cabernet-Sauvignon-gravure-Ampelographie-Viala-Vermorel-T2.jpg","contentUrl":"https:\/\/www.domainedebregancon.com\/wp-content\/uploads\/2023\/12\/Cabernet-Sauvignon-gravure-Ampelographie-Viala-Vermorel-T2.jpg","width":1024,"height":1462,"caption":"cabernet sauvignon grappe"},{"@type":"BreadcrumbList","@id":"https:\/\/www.domainedebregancon.com\/?page_id=132#breadcrumb","itemListElement":[{"@type":"ListItem","position":1,"name":"Accueil","item":"https:\/\/www.domainedebregancon.com\/"},{"@type":"ListItem","position":2,"name":"Cabernet Sauvignon"}]},{"@type":"WebSite","@id":"https:\/\/www.domainedebregancon.com\/#website","url":"https:\/\/www.domainedebregancon.com\/","name":"Domaine de Br\u00e9gan\u00e7on","description":"","publisher":{"@id":"https:\/\/www.domainedebregancon.com\/#organization"},"potentialAction":[{"@type":"SearchAction","target":{"@type":"EntryPoint","urlTemplate":"https:\/\/www.domainedebregancon.com\/?s={search_term_string}"},"query-input":{"@type":"PropertyValueSpecification","valueRequired":true,"valueName":"search_term_string"}}],"inLanguage":"fr-FR"},{"@type":"Organization","@id":"https:\/\/www.domainedebregancon.com\/#organization","name":"DOMAINE DE BREGANCON","url":"https:\/\/www.domainedebregancon.com\/","logo":{"@type":"ImageObject","inLanguage":"fr-FR","@id":"https:\/\/www.domainedebregancon.com\/#\/schema\/logo\/image\/","url":"https:\/\/www.domainedebregancon.com\/wp-content\/uploads\/2023\/01\/Logo-Domaine-de-Bregancon-1.png","contentUrl":"https:\/\/www.domainedebregancon.com\/wp-content\/uploads\/2023\/01\/Logo-Domaine-de-Bregancon-1.png","width":737,"height":150,"caption":"DOMAINE DE BREGANCON"},"image":{"@id":"https:\/\/www.domainedebregancon.com\/#\/schema\/logo\/image\/"},"sameAs":["https:\/\/www.facebook.com\/profile.php?id=100091526043313","https:\/\/x.com\/bregancond","https:\/\/instagram.com\/domaine_de_bregancon","https:\/\/www.linkedin.com\/company\/domaine-de-brganon\/"]}]}},"jetpack_sharing_enabled":true,"_links":{"self":[{"href":"https:\/\/www.domainedebregancon.com\/index.php?rest_route=\/wp\/v2\/pages\/132","targetHints":{"allow":["GET"]}}],"collection":[{"href":"https:\/\/www.domainedebregancon.com\/index.php?rest_route=\/wp\/v2\/pages"}],"about":[{"href":"https:\/\/www.domainedebregancon.com\/index.php?rest_route=\/wp\/v2\/types\/page"}],"author":[{"embeddable":true,"href":"https:\/\/www.domainedebregancon.com\/index.php?rest_route=\/wp\/v2\/users\/1"}],"replies":[{"embeddable":true,"href":"https:\/\/www.domainedebregancon.com\/index.php?rest_route=%2Fwp%2Fv2%2Fcomments&post=132"}],"version-history":[{"count":1,"href":"https:\/\/www.domainedebregancon.com\/index.php?rest_route=\/wp\/v2\/pages\/132\/revisions"}],"predecessor-version":[{"id":133,"href":"https:\/\/www.domainedebregancon.com\/index.php?rest_route=\/wp\/v2\/pages\/132\/revisions\/133"}],"wp:attachment":[{"href":"https:\/\/www.domainedebregancon.com\/index.php?rest_route=%2Fwp%2Fv2%2Fmedia&parent=132"}],"curies":[{"name":"wp","href":"https:\/\/api.w.org\/{rel}","templated":true}]}}