{"id":134,"date":"2023-12-30T17:06:05","date_gmt":"2023-12-30T16:06:05","guid":{"rendered":"https:\/\/www.domainedebregancon.com\/?page_id=134"},"modified":"2023-12-30T17:06:05","modified_gmt":"2023-12-30T16:06:05","slug":"mourvedre","status":"publish","type":"page","link":"https:\/\/www.domainedebregancon.com\/?page_id=134","title":{"rendered":"Mourv\u00e8dre"},"content":{"rendered":"<p><strong>Synonymie et Histoire<\/strong> : Connu sous divers noms, notamment Morv\u00e8de, Mourv\u00e8s, Mourv\u00e8gue, Catalan, et N\u00e9gr\u00e8, le Mourv\u00e8dre est une vari\u00e9t\u00e9 anciennement cultiv\u00e9e en Provence, souvent consid\u00e9r\u00e9e comme indig\u00e8ne en raison de son adaptation parfaite aux conditions climatiques et culturales de la r\u00e9gion. Cependant, il est originaire d&rsquo;Espagne, avec une introduction historique en Provence et dans les Pyr\u00e9n\u00e9es-Orientales.<\/p>\n<p><strong>Description et Culture<\/strong> : Le Mourv\u00e8dre se distingue par un port \u00e9rig\u00e9, des bourgeons coniques et des rameaux forts, droits, et sensiblement cylindriques. Ses feuilles sont de taille moyenne, presque enti\u00e8res ou faiblement trilob\u00e9es, avec un sinus basilaire profond. Les grappes sont conico-cylindriques ou coniques, ail\u00e9es, et souvent pyramidales, tandis que les grains sont noirs, moyens, luisants, avec une chair ferme et juteuse.<\/p>\n<p><img decoding=\"async\" class=\"size-medium wp-image-119 alignright\" src=\"https:\/\/www.domainedebregancon.com\/wp-content\/uploads\/2023\/12\/Mourvedre-gravure-Ampelographie-Viala-Vermorel-T2-198x300.jpg\" alt=\"\" width=\"198\" height=\"300\" srcset=\"https:\/\/www.domainedebregancon.com\/wp-content\/uploads\/2023\/12\/Mourvedre-gravure-Ampelographie-Viala-Vermorel-T2-198x300.jpg 198w, https:\/\/www.domainedebregancon.com\/wp-content\/uploads\/2023\/12\/Mourvedre-gravure-Ampelographie-Viala-Vermorel-T2-677x1024.jpg 677w, https:\/\/www.domainedebregancon.com\/wp-content\/uploads\/2023\/12\/Mourvedre-gravure-Ampelographie-Viala-Vermorel-T2-768x1162.jpg 768w, https:\/\/www.domainedebregancon.com\/wp-content\/uploads\/2023\/12\/Mourvedre-gravure-Ampelographie-Viala-Vermorel-T2-1015x1536.jpg 1015w, https:\/\/www.domainedebregancon.com\/wp-content\/uploads\/2023\/12\/Mourvedre-gravure-Ampelographie-Viala-Vermorel-T2-1353x2048.jpg 1353w, https:\/\/www.domainedebregancon.com\/wp-content\/uploads\/2023\/12\/Mourvedre-gravure-Ampelographie-Viala-Vermorel-T2-scaled.jpg 1692w\" sizes=\"(max-width: 198px) 100vw, 198px\" \/><\/p>\n<p><strong>Vinification et Qualit\u00e9s<\/strong> : Le Mourv\u00e8dre donne un vin de commerce et de coupage de haute qualit\u00e9, solide, color\u00e9, et au go\u00fbt plein, quoique un peu rude. Il peut produire un vin de liqueur estim\u00e9 lorsqu&rsquo;il est vinifi\u00e9 seul, surtout s&rsquo;il provient de vieilles vignes cultiv\u00e9es sur de bonnes c\u00f4tes calcaires.<\/p>\n<p><strong>Aire G\u00e9ographique et \u00c9volution<\/strong> : R\u00e9pandu en Provence o\u00f9 il joue un r\u00f4le majeur dans les vins de Bandol.<\/p>\n<p><strong>Comparaisons et Variations<\/strong> : Le Mourv\u00e8dre pr\u00e9sente des similarit\u00e9s avec le Morrastel, avec lequel il a \u00e9t\u00e9 parfois confondu. Il existe des variations du c\u00e9page, comme le petit Mourv\u00e8dre (Mourv\u00e8don), qui \u00e9tait cultiv\u00e9 autrefois mais est maintenant abandonn\u00e9.<\/p>\n","protected":false},"excerpt":{"rendered":"<p>Synonymie et Histoire : Connu sous divers noms, notamment Morv\u00e8de, Mourv\u00e8s, Mourv\u00e8gue, Catalan, et N\u00e9gr\u00e8, le Mourv\u00e8dre est une vari\u00e9t\u00e9 anciennement cultiv\u00e9e en Provence, souvent consid\u00e9r\u00e9e comme indig\u00e8ne en raison de son adaptation parfaite aux conditions climatiques et culturales de la r\u00e9gion. Cependant, il est originaire d&rsquo;Espagne, avec une introduction historique en Provence et dans [&hellip;]<\/p>\n","protected":false},"author":1,"featured_media":0,"parent":0,"menu_order":0,"comment_status":"closed","ping_status":"closed","template":"","meta":{"footnotes":""},"class_list":["post-134","page","type-page","status-publish","hentry"],"yoast_head":"<!-- This site is optimized with the Yoast SEO plugin v26.4 - https:\/\/yoast.com\/wordpress\/plugins\/seo\/ -->\n<title>Mourv\u00e8dre - Domaine de Br\u00e9gan\u00e7on - Viticulture et agriculture - 1816<\/title>\n<meta name=\"robots\" content=\"index, follow, max-snippet:-1, max-image-preview:large, max-video-preview:-1\" \/>\n<link rel=\"canonical\" href=\"https:\/\/www.domainedebregancon.com\/?page_id=134\" \/>\n<meta property=\"og:locale\" content=\"fr_FR\" \/>\n<meta property=\"og:type\" content=\"article\" \/>\n<meta property=\"og:title\" content=\"Mourv\u00e8dre - Domaine de Br\u00e9gan\u00e7on - Viticulture et agriculture - 1816\" \/>\n<meta property=\"og:description\" content=\"Synonymie et Histoire : Connu sous divers noms, notamment Morv\u00e8de, Mourv\u00e8s, Mourv\u00e8gue, Catalan, et N\u00e9gr\u00e8, le Mourv\u00e8dre est une vari\u00e9t\u00e9 anciennement cultiv\u00e9e en Provence, souvent consid\u00e9r\u00e9e comme indig\u00e8ne en raison de son adaptation parfaite aux conditions climatiques et culturales de la r\u00e9gion. Cependant, il est originaire d&rsquo;Espagne, avec une introduction historique en Provence et dans [&hellip;]\" \/>\n<meta property=\"og:url\" content=\"https:\/\/www.domainedebregancon.com\/?page_id=134\" \/>\n<meta property=\"og:site_name\" content=\"Domaine de Br\u00e9gan\u00e7on - Viticulture et agriculture - 1816\" \/>\n<meta property=\"article:publisher\" content=\"https:\/\/www.facebook.com\/profile.php?id=100091526043313\" \/>\n<meta property=\"og:image\" content=\"https:\/\/www.domainedebregancon.com\/wp-content\/uploads\/2023\/12\/Mourvedre-gravure-Ampelographie-Viala-Vermorel-T2-198x300.jpg\" \/>\n<meta name=\"twitter:card\" content=\"summary_large_image\" \/>\n<meta name=\"twitter:site\" content=\"@bregancond\" \/>\n<meta name=\"twitter:label1\" content=\"Dur\u00e9e de lecture estim\u00e9e\" \/>\n\t<meta name=\"twitter:data1\" content=\"2 minutes\" \/>\n<script type=\"application\/ld+json\" class=\"yoast-schema-graph\">{\"@context\":\"https:\/\/schema.org\",\"@graph\":[{\"@type\":\"WebPage\",\"@id\":\"https:\/\/www.domainedebregancon.com\/?page_id=134\",\"url\":\"https:\/\/www.domainedebregancon.com\/?page_id=134\",\"name\":\"Mourv\u00e8dre - Domaine de Br\u00e9gan\u00e7on - Viticulture et agriculture - 1816\",\"isPartOf\":{\"@id\":\"https:\/\/www.domainedebregancon.com\/#website\"},\"primaryImageOfPage\":{\"@id\":\"https:\/\/www.domainedebregancon.com\/?page_id=134#primaryimage\"},\"image\":{\"@id\":\"https:\/\/www.domainedebregancon.com\/?page_id=134#primaryimage\"},\"thumbnailUrl\":\"https:\/\/www.domainedebregancon.com\/wp-content\/uploads\/2023\/12\/Mourvedre-gravure-Ampelographie-Viala-Vermorel-T2-198x300.jpg\",\"datePublished\":\"2023-12-30T16:06:05+00:00\",\"breadcrumb\":{\"@id\":\"https:\/\/www.domainedebregancon.com\/?page_id=134#breadcrumb\"},\"inLanguage\":\"fr-FR\",\"potentialAction\":[{\"@type\":\"ReadAction\",\"target\":[\"https:\/\/www.domainedebregancon.com\/?page_id=134\"]}]},{\"@type\":\"ImageObject\",\"inLanguage\":\"fr-FR\",\"@id\":\"https:\/\/www.domainedebregancon.com\/?page_id=134#primaryimage\",\"url\":\"https:\/\/www.domainedebregancon.com\/wp-content\/uploads\/2023\/12\/Mourvedre-gravure-Ampelographie-Viala-Vermorel-T2-scaled.jpg\",\"contentUrl\":\"https:\/\/www.domainedebregancon.com\/wp-content\/uploads\/2023\/12\/Mourvedre-gravure-Ampelographie-Viala-Vermorel-T2-scaled.jpg\",\"width\":1692,\"height\":2560,\"caption\":\"mourv\u00e8dre grappe\"},{\"@type\":\"BreadcrumbList\",\"@id\":\"https:\/\/www.domainedebregancon.com\/?page_id=134#breadcrumb\",\"itemListElement\":[{\"@type\":\"ListItem\",\"position\":1,\"name\":\"Accueil\",\"item\":\"https:\/\/www.domainedebregancon.com\/\"},{\"@type\":\"ListItem\",\"position\":2,\"name\":\"Mourv\u00e8dre\"}]},{\"@type\":\"WebSite\",\"@id\":\"https:\/\/www.domainedebregancon.com\/#website\",\"url\":\"https:\/\/www.domainedebregancon.com\/\",\"name\":\"Domaine de Br\u00e9gan\u00e7on\",\"description\":\"\",\"publisher\":{\"@id\":\"https:\/\/www.domainedebregancon.com\/#organization\"},\"potentialAction\":[{\"@type\":\"SearchAction\",\"target\":{\"@type\":\"EntryPoint\",\"urlTemplate\":\"https:\/\/www.domainedebregancon.com\/?s={search_term_string}\"},\"query-input\":{\"@type\":\"PropertyValueSpecification\",\"valueRequired\":true,\"valueName\":\"search_term_string\"}}],\"inLanguage\":\"fr-FR\"},{\"@type\":\"Organization\",\"@id\":\"https:\/\/www.domainedebregancon.com\/#organization\",\"name\":\"DOMAINE DE BREGANCON\",\"url\":\"https:\/\/www.domainedebregancon.com\/\",\"logo\":{\"@type\":\"ImageObject\",\"inLanguage\":\"fr-FR\",\"@id\":\"https:\/\/www.domainedebregancon.com\/#\/schema\/logo\/image\/\",\"url\":\"https:\/\/www.domainedebregancon.com\/wp-content\/uploads\/2023\/01\/Logo-Domaine-de-Bregancon-1.png\",\"contentUrl\":\"https:\/\/www.domainedebregancon.com\/wp-content\/uploads\/2023\/01\/Logo-Domaine-de-Bregancon-1.png\",\"width\":737,\"height\":150,\"caption\":\"DOMAINE DE BREGANCON\"},\"image\":{\"@id\":\"https:\/\/www.domainedebregancon.com\/#\/schema\/logo\/image\/\"},\"sameAs\":[\"https:\/\/www.facebook.com\/profile.php?id=100091526043313\",\"https:\/\/x.com\/bregancond\",\"https:\/\/instagram.com\/domaine_de_bregancon\",\"https:\/\/www.linkedin.com\/company\/domaine-de-brganon\/\"]}]}<\/script>\n<!-- \/ Yoast SEO plugin. -->","yoast_head_json":{"title":"Mourv\u00e8dre - Domaine de Br\u00e9gan\u00e7on - Viticulture et agriculture - 1816","robots":{"index":"index","follow":"follow","max-snippet":"max-snippet:-1","max-image-preview":"max-image-preview:large","max-video-preview":"max-video-preview:-1"},"canonical":"https:\/\/www.domainedebregancon.com\/?page_id=134","og_locale":"fr_FR","og_type":"article","og_title":"Mourv\u00e8dre - Domaine de Br\u00e9gan\u00e7on - Viticulture et agriculture - 1816","og_description":"Synonymie et Histoire : Connu sous divers noms, notamment Morv\u00e8de, Mourv\u00e8s, Mourv\u00e8gue, Catalan, et N\u00e9gr\u00e8, le Mourv\u00e8dre est une vari\u00e9t\u00e9 anciennement cultiv\u00e9e en Provence, souvent consid\u00e9r\u00e9e comme indig\u00e8ne en raison de son adaptation parfaite aux conditions climatiques et culturales de la r\u00e9gion. Cependant, il est originaire d&rsquo;Espagne, avec une introduction historique en Provence et dans [&hellip;]","og_url":"https:\/\/www.domainedebregancon.com\/?page_id=134","og_site_name":"Domaine de Br\u00e9gan\u00e7on - Viticulture et agriculture - 1816","article_publisher":"https:\/\/www.facebook.com\/profile.php?id=100091526043313","og_image":[{"url":"https:\/\/www.domainedebregancon.com\/wp-content\/uploads\/2023\/12\/Mourvedre-gravure-Ampelographie-Viala-Vermorel-T2-198x300.jpg","type":"","width":"","height":""}],"twitter_card":"summary_large_image","twitter_site":"@bregancond","twitter_misc":{"Dur\u00e9e de lecture estim\u00e9e":"2 minutes"},"schema":{"@context":"https:\/\/schema.org","@graph":[{"@type":"WebPage","@id":"https:\/\/www.domainedebregancon.com\/?page_id=134","url":"https:\/\/www.domainedebregancon.com\/?page_id=134","name":"Mourv\u00e8dre - Domaine de Br\u00e9gan\u00e7on - Viticulture et agriculture - 1816","isPartOf":{"@id":"https:\/\/www.domainedebregancon.com\/#website"},"primaryImageOfPage":{"@id":"https:\/\/www.domainedebregancon.com\/?page_id=134#primaryimage"},"image":{"@id":"https:\/\/www.domainedebregancon.com\/?page_id=134#primaryimage"},"thumbnailUrl":"https:\/\/www.domainedebregancon.com\/wp-content\/uploads\/2023\/12\/Mourvedre-gravure-Ampelographie-Viala-Vermorel-T2-198x300.jpg","datePublished":"2023-12-30T16:06:05+00:00","breadcrumb":{"@id":"https:\/\/www.domainedebregancon.com\/?page_id=134#breadcrumb"},"inLanguage":"fr-FR","potentialAction":[{"@type":"ReadAction","target":["https:\/\/www.domainedebregancon.com\/?page_id=134"]}]},{"@type":"ImageObject","inLanguage":"fr-FR","@id":"https:\/\/www.domainedebregancon.com\/?page_id=134#primaryimage","url":"https:\/\/www.domainedebregancon.com\/wp-content\/uploads\/2023\/12\/Mourvedre-gravure-Ampelographie-Viala-Vermorel-T2-scaled.jpg","contentUrl":"https:\/\/www.domainedebregancon.com\/wp-content\/uploads\/2023\/12\/Mourvedre-gravure-Ampelographie-Viala-Vermorel-T2-scaled.jpg","width":1692,"height":2560,"caption":"mourv\u00e8dre grappe"},{"@type":"BreadcrumbList","@id":"https:\/\/www.domainedebregancon.com\/?page_id=134#breadcrumb","itemListElement":[{"@type":"ListItem","position":1,"name":"Accueil","item":"https:\/\/www.domainedebregancon.com\/"},{"@type":"ListItem","position":2,"name":"Mourv\u00e8dre"}]},{"@type":"WebSite","@id":"https:\/\/www.domainedebregancon.com\/#website","url":"https:\/\/www.domainedebregancon.com\/","name":"Domaine de Br\u00e9gan\u00e7on","description":"","publisher":{"@id":"https:\/\/www.domainedebregancon.com\/#organization"},"potentialAction":[{"@type":"SearchAction","target":{"@type":"EntryPoint","urlTemplate":"https:\/\/www.domainedebregancon.com\/?s={search_term_string}"},"query-input":{"@type":"PropertyValueSpecification","valueRequired":true,"valueName":"search_term_string"}}],"inLanguage":"fr-FR"},{"@type":"Organization","@id":"https:\/\/www.domainedebregancon.com\/#organization","name":"DOMAINE DE BREGANCON","url":"https:\/\/www.domainedebregancon.com\/","logo":{"@type":"ImageObject","inLanguage":"fr-FR","@id":"https:\/\/www.domainedebregancon.com\/#\/schema\/logo\/image\/","url":"https:\/\/www.domainedebregancon.com\/wp-content\/uploads\/2023\/01\/Logo-Domaine-de-Bregancon-1.png","contentUrl":"https:\/\/www.domainedebregancon.com\/wp-content\/uploads\/2023\/01\/Logo-Domaine-de-Bregancon-1.png","width":737,"height":150,"caption":"DOMAINE DE BREGANCON"},"image":{"@id":"https:\/\/www.domainedebregancon.com\/#\/schema\/logo\/image\/"},"sameAs":["https:\/\/www.facebook.com\/profile.php?id=100091526043313","https:\/\/x.com\/bregancond","https:\/\/instagram.com\/domaine_de_bregancon","https:\/\/www.linkedin.com\/company\/domaine-de-brganon\/"]}]}},"jetpack_sharing_enabled":true,"_links":{"self":[{"href":"https:\/\/www.domainedebregancon.com\/index.php?rest_route=\/wp\/v2\/pages\/134","targetHints":{"allow":["GET"]}}],"collection":[{"href":"https:\/\/www.domainedebregancon.com\/index.php?rest_route=\/wp\/v2\/pages"}],"about":[{"href":"https:\/\/www.domainedebregancon.com\/index.php?rest_route=\/wp\/v2\/types\/page"}],"author":[{"embeddable":true,"href":"https:\/\/www.domainedebregancon.com\/index.php?rest_route=\/wp\/v2\/users\/1"}],"replies":[{"embeddable":true,"href":"https:\/\/www.domainedebregancon.com\/index.php?rest_route=%2Fwp%2Fv2%2Fcomments&post=134"}],"version-history":[{"count":1,"href":"https:\/\/www.domainedebregancon.com\/index.php?rest_route=\/wp\/v2\/pages\/134\/revisions"}],"predecessor-version":[{"id":135,"href":"https:\/\/www.domainedebregancon.com\/index.php?rest_route=\/wp\/v2\/pages\/134\/revisions\/135"}],"wp:attachment":[{"href":"https:\/\/www.domainedebregancon.com\/index.php?rest_route=%2Fwp%2Fv2%2Fmedia&parent=134"}],"curies":[{"name":"wp","href":"https:\/\/api.w.org\/{rel}","templated":true}]}}