{"id":152,"date":"2025-05-24T22:04:26","date_gmt":"2025-05-24T21:04:26","guid":{"rendered":"https:\/\/www.domainedebregancon.com\/?page_id=152"},"modified":"2025-05-24T23:04:38","modified_gmt":"2025-05-24T22:04:38","slug":"nos-vins","status":"publish","type":"page","link":"https:\/\/www.domainedebregancon.com\/?page_id=152","title":{"rendered":"Nos vins"},"content":{"rendered":"<p><img decoding=\"async\" width=\"96\" height=\"300\" class=\"alignnone size-medium wp-image-143\" style=\"max-width: 300px; height: auto; margin-bottom: 20px;\" src=\"https:\/\/www.domainedebregancon.com\/wp-content\/uploads\/2025\/05\/AUR-2024-96x300.jpg\" alt=\"AUR Domaine de Br\u00e9gan\u00e7on\" srcset=\"https:\/\/www.domainedebregancon.com\/wp-content\/uploads\/2025\/05\/AUR-2024-96x300.jpg 96w, https:\/\/www.domainedebregancon.com\/wp-content\/uploads\/2025\/05\/AUR-2024-328x1024.jpg 328w, https:\/\/www.domainedebregancon.com\/wp-content\/uploads\/2025\/05\/AUR-2024-768x2398.jpg 768w, https:\/\/www.domainedebregancon.com\/wp-content\/uploads\/2025\/05\/AUR-2024-492x1536.jpg 492w, https:\/\/www.domainedebregancon.com\/wp-content\/uploads\/2025\/05\/AUR-2024-656x2048.jpg 656w, https:\/\/www.domainedebregancon.com\/wp-content\/uploads\/2025\/05\/AUR-2024-scaled.jpg 820w\" sizes=\"(max-width: 96px) 100vw, 96px\" \/><\/p>\n<h2 style=\"margin-top: 20px;\">AUR \u2013 AOC C\u00f4tes de Provence 2024<\/h2>\n<p><strong>100% Rolle (Vermentino)<\/strong> \u2013 Vieilles vignes d\u2019environ 40 ans<\/p>\n<p>AUR, qui signifie \u00ab\u00a0or\u00a0\u00bb en proven\u00e7al, est une cuv\u00e9e parcellaire rare de Rolle, n\u00e9e sur les sables du littoral varois, \u00e0 deux pas de la M\u00e9diterran\u00e9e. Issue d\u2019une parcelle confidentielle face aux \u00eeles d\u2019Or, cette cr\u00e9ation sign\u00e9e Antoine T\u00e9zenas du Montcel et les fr\u00e8res Chaudi\u00e8re (Ch\u00e2teau Pesqui\u00e9) offre un blanc vif aux accents d\u2019agrumes, reflet d\u2019une Provence lumineuse et marine.<\/p>\n<div class=\"et_pb_code_inner\">\n<p><b id=\"intitule_mom_deg\">Moment de d\u00e9gustation :<\/b> Repas d&rsquo;exception<\/p>\n<p><b id=\"intitule_profil\">Profil du vin :<\/b> Fruit\u00e9 et g\u00e9n\u00e9reux<\/p>\n<p><strong>C\u00e9pages : <\/strong>Rolle<\/p>\n<p><strong>Ingr\u00e9dients :<\/strong> Raisins, sulfites<\/p>\n<p><strong>Degr\u00e9 :<\/strong> 12,5%<\/p>\n<\/div>\n<p><strong>Vinification :<\/strong> cuve inox pour deux tiers, demi-muids pour le tiers restant. \u00c9levage sur lies pendant 10 mois.<\/p>\n<p><a href=\"https:\/\/chateaupesquie.com\/wp-content\/uploads\/2025\/05\/Fiche-Technique-AUR-Domaine-de-Breganco-n.pdf\"><strong>Fiche technique<\/strong><\/a><\/p>\n<p><a style=\"display: inline-block; background-color: #cba85c; color: white; padding: 12px 24px; text-decoration: none; border-radius: 4px; margin-top: 20px;\" href=\"https:\/\/shop.famillechaudiere.com\/product\/aur\/\" target=\"_blank\" rel=\"noopener\">Commander AUR 2024<\/a><\/p>\n","protected":false},"excerpt":{"rendered":"<p>AUR \u2013 AOC C\u00f4tes de Provence 2024 100% Rolle (Vermentino) \u2013 Vieilles vignes d\u2019environ 40 ans AUR, qui signifie \u00ab\u00a0or\u00a0\u00bb en proven\u00e7al, est une cuv\u00e9e parcellaire rare de Rolle, n\u00e9e sur les sables du littoral varois, \u00e0 deux pas de la M\u00e9diterran\u00e9e. Issue d\u2019une parcelle confidentielle face aux \u00eeles d\u2019Or, cette cr\u00e9ation sign\u00e9e Antoine T\u00e9zenas [&hellip;]<\/p>\n","protected":false},"author":1,"featured_media":0,"parent":0,"menu_order":0,"comment_status":"closed","ping_status":"closed","template":"","meta":{"footnotes":""},"class_list":["post-152","page","type-page","status-publish","hentry"],"yoast_head":"<!-- This site is optimized with the Yoast SEO plugin v26.4 - https:\/\/yoast.com\/wordpress\/plugins\/seo\/ -->\n<title>Nos vins - Domaine de Br\u00e9gan\u00e7on - Viticulture et agriculture - 1816<\/title>\n<meta name=\"robots\" content=\"index, follow, max-snippet:-1, max-image-preview:large, max-video-preview:-1\" \/>\n<link rel=\"canonical\" href=\"https:\/\/www.domainedebregancon.com\/?page_id=152\" \/>\n<meta property=\"og:locale\" content=\"fr_FR\" \/>\n<meta property=\"og:type\" content=\"article\" \/>\n<meta property=\"og:title\" content=\"Nos vins - Domaine de Br\u00e9gan\u00e7on - Viticulture et agriculture - 1816\" \/>\n<meta property=\"og:description\" content=\"AUR \u2013 AOC C\u00f4tes de Provence 2024 100% Rolle (Vermentino) \u2013 Vieilles vignes d\u2019environ 40 ans AUR, qui signifie \u00ab\u00a0or\u00a0\u00bb en proven\u00e7al, est une cuv\u00e9e parcellaire rare de Rolle, n\u00e9e sur les sables du littoral varois, \u00e0 deux pas de la M\u00e9diterran\u00e9e. Issue d\u2019une parcelle confidentielle face aux \u00eeles d\u2019Or, cette cr\u00e9ation sign\u00e9e Antoine T\u00e9zenas [&hellip;]\" \/>\n<meta property=\"og:url\" content=\"https:\/\/www.domainedebregancon.com\/?page_id=152\" \/>\n<meta property=\"og:site_name\" content=\"Domaine de Br\u00e9gan\u00e7on - Viticulture et agriculture - 1816\" \/>\n<meta property=\"article:publisher\" content=\"https:\/\/www.facebook.com\/profile.php?id=100091526043313\" \/>\n<meta property=\"article:modified_time\" content=\"2025-05-24T22:04:38+00:00\" \/>\n<meta property=\"og:image\" content=\"https:\/\/www.domainedebregancon.com\/wp-content\/uploads\/2025\/05\/AUR-2024-scaled.jpg\" \/>\n\t<meta property=\"og:image:width\" content=\"820\" \/>\n\t<meta property=\"og:image:height\" content=\"2560\" \/>\n\t<meta property=\"og:image:type\" content=\"image\/jpeg\" \/>\n<meta name=\"twitter:card\" content=\"summary_large_image\" \/>\n<meta name=\"twitter:site\" content=\"@bregancond\" \/>\n<meta name=\"twitter:label1\" content=\"Dur\u00e9e de lecture estim\u00e9e\" \/>\n\t<meta name=\"twitter:data1\" content=\"1 minute\" \/>\n<script type=\"application\/ld+json\" class=\"yoast-schema-graph\">{\"@context\":\"https:\/\/schema.org\",\"@graph\":[{\"@type\":\"WebPage\",\"@id\":\"https:\/\/www.domainedebregancon.com\/?page_id=152\",\"url\":\"https:\/\/www.domainedebregancon.com\/?page_id=152\",\"name\":\"Nos vins - Domaine de Br\u00e9gan\u00e7on - Viticulture et agriculture - 1816\",\"isPartOf\":{\"@id\":\"https:\/\/www.domainedebregancon.com\/#website\"},\"primaryImageOfPage\":{\"@id\":\"https:\/\/www.domainedebregancon.com\/?page_id=152#primaryimage\"},\"image\":{\"@id\":\"https:\/\/www.domainedebregancon.com\/?page_id=152#primaryimage\"},\"thumbnailUrl\":\"https:\/\/www.domainedebregancon.com\/wp-content\/uploads\/2025\/05\/AUR-2024-96x300.jpg\",\"datePublished\":\"2025-05-24T21:04:26+00:00\",\"dateModified\":\"2025-05-24T22:04:38+00:00\",\"breadcrumb\":{\"@id\":\"https:\/\/www.domainedebregancon.com\/?page_id=152#breadcrumb\"},\"inLanguage\":\"fr-FR\",\"potentialAction\":[{\"@type\":\"ReadAction\",\"target\":[\"https:\/\/www.domainedebregancon.com\/?page_id=152\"]}]},{\"@type\":\"ImageObject\",\"inLanguage\":\"fr-FR\",\"@id\":\"https:\/\/www.domainedebregancon.com\/?page_id=152#primaryimage\",\"url\":\"https:\/\/www.domainedebregancon.com\/wp-content\/uploads\/2025\/05\/AUR-2024-scaled.jpg\",\"contentUrl\":\"https:\/\/www.domainedebregancon.com\/wp-content\/uploads\/2025\/05\/AUR-2024-scaled.jpg\",\"width\":820,\"height\":2560,\"caption\":\"Domaine de Br\u00e9gan\u00e7on Bouteille de vermentino blanc cuv\u00e9e 2024\"},{\"@type\":\"BreadcrumbList\",\"@id\":\"https:\/\/www.domainedebregancon.com\/?page_id=152#breadcrumb\",\"itemListElement\":[{\"@type\":\"ListItem\",\"position\":1,\"name\":\"Accueil\",\"item\":\"https:\/\/www.domainedebregancon.com\/\"},{\"@type\":\"ListItem\",\"position\":2,\"name\":\"Nos vins\"}]},{\"@type\":\"WebSite\",\"@id\":\"https:\/\/www.domainedebregancon.com\/#website\",\"url\":\"https:\/\/www.domainedebregancon.com\/\",\"name\":\"Domaine de Br\u00e9gan\u00e7on\",\"description\":\"\",\"publisher\":{\"@id\":\"https:\/\/www.domainedebregancon.com\/#organization\"},\"potentialAction\":[{\"@type\":\"SearchAction\",\"target\":{\"@type\":\"EntryPoint\",\"urlTemplate\":\"https:\/\/www.domainedebregancon.com\/?s={search_term_string}\"},\"query-input\":{\"@type\":\"PropertyValueSpecification\",\"valueRequired\":true,\"valueName\":\"search_term_string\"}}],\"inLanguage\":\"fr-FR\"},{\"@type\":\"Organization\",\"@id\":\"https:\/\/www.domainedebregancon.com\/#organization\",\"name\":\"DOMAINE DE BREGANCON\",\"url\":\"https:\/\/www.domainedebregancon.com\/\",\"logo\":{\"@type\":\"ImageObject\",\"inLanguage\":\"fr-FR\",\"@id\":\"https:\/\/www.domainedebregancon.com\/#\/schema\/logo\/image\/\",\"url\":\"https:\/\/www.domainedebregancon.com\/wp-content\/uploads\/2023\/01\/Logo-Domaine-de-Bregancon-1.png\",\"contentUrl\":\"https:\/\/www.domainedebregancon.com\/wp-content\/uploads\/2023\/01\/Logo-Domaine-de-Bregancon-1.png\",\"width\":737,\"height\":150,\"caption\":\"DOMAINE DE BREGANCON\"},\"image\":{\"@id\":\"https:\/\/www.domainedebregancon.com\/#\/schema\/logo\/image\/\"},\"sameAs\":[\"https:\/\/www.facebook.com\/profile.php?id=100091526043313\",\"https:\/\/x.com\/bregancond\",\"https:\/\/instagram.com\/domaine_de_bregancon\",\"https:\/\/www.linkedin.com\/company\/domaine-de-brganon\/\"]}]}<\/script>\n<!-- \/ Yoast SEO plugin. -->","yoast_head_json":{"title":"Nos vins - Domaine de Br\u00e9gan\u00e7on - Viticulture et agriculture - 1816","robots":{"index":"index","follow":"follow","max-snippet":"max-snippet:-1","max-image-preview":"max-image-preview:large","max-video-preview":"max-video-preview:-1"},"canonical":"https:\/\/www.domainedebregancon.com\/?page_id=152","og_locale":"fr_FR","og_type":"article","og_title":"Nos vins - Domaine de Br\u00e9gan\u00e7on - Viticulture et agriculture - 1816","og_description":"AUR \u2013 AOC C\u00f4tes de Provence 2024 100% Rolle (Vermentino) \u2013 Vieilles vignes d\u2019environ 40 ans AUR, qui signifie \u00ab\u00a0or\u00a0\u00bb en proven\u00e7al, est une cuv\u00e9e parcellaire rare de Rolle, n\u00e9e sur les sables du littoral varois, \u00e0 deux pas de la M\u00e9diterran\u00e9e. Issue d\u2019une parcelle confidentielle face aux \u00eeles d\u2019Or, cette cr\u00e9ation sign\u00e9e Antoine T\u00e9zenas [&hellip;]","og_url":"https:\/\/www.domainedebregancon.com\/?page_id=152","og_site_name":"Domaine de Br\u00e9gan\u00e7on - Viticulture et agriculture - 1816","article_publisher":"https:\/\/www.facebook.com\/profile.php?id=100091526043313","article_modified_time":"2025-05-24T22:04:38+00:00","og_image":[{"width":820,"height":2560,"url":"https:\/\/www.domainedebregancon.com\/wp-content\/uploads\/2025\/05\/AUR-2024-scaled.jpg","type":"image\/jpeg"}],"twitter_card":"summary_large_image","twitter_site":"@bregancond","twitter_misc":{"Dur\u00e9e de lecture estim\u00e9e":"1 minute"},"schema":{"@context":"https:\/\/schema.org","@graph":[{"@type":"WebPage","@id":"https:\/\/www.domainedebregancon.com\/?page_id=152","url":"https:\/\/www.domainedebregancon.com\/?page_id=152","name":"Nos vins - Domaine de Br\u00e9gan\u00e7on - Viticulture et agriculture - 1816","isPartOf":{"@id":"https:\/\/www.domainedebregancon.com\/#website"},"primaryImageOfPage":{"@id":"https:\/\/www.domainedebregancon.com\/?page_id=152#primaryimage"},"image":{"@id":"https:\/\/www.domainedebregancon.com\/?page_id=152#primaryimage"},"thumbnailUrl":"https:\/\/www.domainedebregancon.com\/wp-content\/uploads\/2025\/05\/AUR-2024-96x300.jpg","datePublished":"2025-05-24T21:04:26+00:00","dateModified":"2025-05-24T22:04:38+00:00","breadcrumb":{"@id":"https:\/\/www.domainedebregancon.com\/?page_id=152#breadcrumb"},"inLanguage":"fr-FR","potentialAction":[{"@type":"ReadAction","target":["https:\/\/www.domainedebregancon.com\/?page_id=152"]}]},{"@type":"ImageObject","inLanguage":"fr-FR","@id":"https:\/\/www.domainedebregancon.com\/?page_id=152#primaryimage","url":"https:\/\/www.domainedebregancon.com\/wp-content\/uploads\/2025\/05\/AUR-2024-scaled.jpg","contentUrl":"https:\/\/www.domainedebregancon.com\/wp-content\/uploads\/2025\/05\/AUR-2024-scaled.jpg","width":820,"height":2560,"caption":"Domaine de Br\u00e9gan\u00e7on Bouteille de vermentino blanc cuv\u00e9e 2024"},{"@type":"BreadcrumbList","@id":"https:\/\/www.domainedebregancon.com\/?page_id=152#breadcrumb","itemListElement":[{"@type":"ListItem","position":1,"name":"Accueil","item":"https:\/\/www.domainedebregancon.com\/"},{"@type":"ListItem","position":2,"name":"Nos vins"}]},{"@type":"WebSite","@id":"https:\/\/www.domainedebregancon.com\/#website","url":"https:\/\/www.domainedebregancon.com\/","name":"Domaine de Br\u00e9gan\u00e7on","description":"","publisher":{"@id":"https:\/\/www.domainedebregancon.com\/#organization"},"potentialAction":[{"@type":"SearchAction","target":{"@type":"EntryPoint","urlTemplate":"https:\/\/www.domainedebregancon.com\/?s={search_term_string}"},"query-input":{"@type":"PropertyValueSpecification","valueRequired":true,"valueName":"search_term_string"}}],"inLanguage":"fr-FR"},{"@type":"Organization","@id":"https:\/\/www.domainedebregancon.com\/#organization","name":"DOMAINE DE BREGANCON","url":"https:\/\/www.domainedebregancon.com\/","logo":{"@type":"ImageObject","inLanguage":"fr-FR","@id":"https:\/\/www.domainedebregancon.com\/#\/schema\/logo\/image\/","url":"https:\/\/www.domainedebregancon.com\/wp-content\/uploads\/2023\/01\/Logo-Domaine-de-Bregancon-1.png","contentUrl":"https:\/\/www.domainedebregancon.com\/wp-content\/uploads\/2023\/01\/Logo-Domaine-de-Bregancon-1.png","width":737,"height":150,"caption":"DOMAINE DE BREGANCON"},"image":{"@id":"https:\/\/www.domainedebregancon.com\/#\/schema\/logo\/image\/"},"sameAs":["https:\/\/www.facebook.com\/profile.php?id=100091526043313","https:\/\/x.com\/bregancond","https:\/\/instagram.com\/domaine_de_bregancon","https:\/\/www.linkedin.com\/company\/domaine-de-brganon\/"]}]}},"jetpack_sharing_enabled":true,"_links":{"self":[{"href":"https:\/\/www.domainedebregancon.com\/index.php?rest_route=\/wp\/v2\/pages\/152","targetHints":{"allow":["GET"]}}],"collection":[{"href":"https:\/\/www.domainedebregancon.com\/index.php?rest_route=\/wp\/v2\/pages"}],"about":[{"href":"https:\/\/www.domainedebregancon.com\/index.php?rest_route=\/wp\/v2\/types\/page"}],"author":[{"embeddable":true,"href":"https:\/\/www.domainedebregancon.com\/index.php?rest_route=\/wp\/v2\/users\/1"}],"replies":[{"embeddable":true,"href":"https:\/\/www.domainedebregancon.com\/index.php?rest_route=%2Fwp%2Fv2%2Fcomments&post=152"}],"version-history":[{"count":13,"href":"https:\/\/www.domainedebregancon.com\/index.php?rest_route=\/wp\/v2\/pages\/152\/revisions"}],"predecessor-version":[{"id":170,"href":"https:\/\/www.domainedebregancon.com\/index.php?rest_route=\/wp\/v2\/pages\/152\/revisions\/170"}],"wp:attachment":[{"href":"https:\/\/www.domainedebregancon.com\/index.php?rest_route=%2Fwp%2Fv2%2Fmedia&parent=152"}],"curies":[{"name":"wp","href":"https:\/\/api.w.org\/{rel}","templated":true}]}}