{"id":52,"date":"2023-12-29T19:15:26","date_gmt":"2023-12-29T18:15:26","guid":{"rendered":"https:\/\/www.domainedebregancon.com\/?page_id=52"},"modified":"2025-11-30T23:30:46","modified_gmt":"2025-11-30T22:30:46","slug":"notre-terroir","status":"publish","type":"page","link":"https:\/\/www.domainedebregancon.com\/?page_id=52","title":{"rendered":"Notre terroir"},"content":{"rendered":"<p style=\"text-align: left;\">Le Domaine de Br\u00e9gan\u00e7on se distingue non seulement par sa situation g\u00e9ographique privil\u00e9gi\u00e9e mais aussi par la richesse et la diversit\u00e9 de son terroir.<\/p>\n<p><img decoding=\"async\" class=\"alignnone wp-image-179\" src=\"https:\/\/www.domainedebregancon.com\/wp-content\/uploads\/2025\/11\/Domaine_De_Bregancon_3-JPG.jpg\" alt=\"\" width=\"2700\" height=\"1907\" srcset=\"https:\/\/www.domainedebregancon.com\/wp-content\/uploads\/2025\/11\/Domaine_De_Bregancon_3-JPG.jpg 2560w, https:\/\/www.domainedebregancon.com\/wp-content\/uploads\/2025\/11\/Domaine_De_Bregancon_3-JPG-300x212.jpg 300w, https:\/\/www.domainedebregancon.com\/wp-content\/uploads\/2025\/11\/Domaine_De_Bregancon_3-JPG-1024x723.jpg 1024w, https:\/\/www.domainedebregancon.com\/wp-content\/uploads\/2025\/11\/Domaine_De_Bregancon_3-JPG-768x542.jpg 768w, https:\/\/www.domainedebregancon.com\/wp-content\/uploads\/2025\/11\/Domaine_De_Bregancon_3-JPG-1536x1085.jpg 1536w, https:\/\/www.domainedebregancon.com\/wp-content\/uploads\/2025\/11\/Domaine_De_Bregancon_3-JPG-2048x1446.jpg 2048w\" sizes=\"(max-width: 2700px) 100vw, 2700px\" \/><\/p>\n<p style=\"text-align: left;\">Partie int\u00e9grante du prestigieux site class\u00e9 de Br\u00e9gan\u00e7on, le domaine d\u2019une superficie de 35 hectares, avec ses collines, sa plaine et sa bande c\u00f4ti\u00e8re, offre un paysage d&rsquo;une beaut\u00e9 saisissante, o\u00f9 les vignes s&rsquo;int\u00e8grent harmonieusement dans un cadre naturel pr\u00e9serv\u00e9.<\/p>\n<p style=\"text-align: left;\"><img decoding=\"async\" class=\"wp-image-91 size-medium alignnone\" src=\"https:\/\/www.domainedebregancon.com\/wp-content\/uploads\/2023\/12\/Allard-Bregancon-300x247.png\" alt=\"\" width=\"300\" height=\"247\" srcset=\"https:\/\/www.domainedebregancon.com\/wp-content\/uploads\/2023\/12\/Allard-Bregancon-300x247.png 300w, https:\/\/www.domainedebregancon.com\/wp-content\/uploads\/2023\/12\/Allard-Bregancon-1024x844.png 1024w, https:\/\/www.domainedebregancon.com\/wp-content\/uploads\/2023\/12\/Allard-Bregancon-768x633.png 768w, https:\/\/www.domainedebregancon.com\/wp-content\/uploads\/2023\/12\/Allard-Bregancon.png 1484w\" sizes=\"(max-width: 300px) 100vw, 300px\" \/><\/p>\n<p style=\"text-align: left;\">Au nord du domaine, les collines des Roches Blanches pr\u00e9sentent un relief ondul\u00e9 et offrent depuis les hauteurs des panoramas exceptionnels sur les terroirs, les rivages et les Iles d\u2019Or. Inversement, elles forment depuis la mer un fond v\u00e9g\u00e9tal iconique.<\/p>\n<p style=\"text-align: left;\"><img decoding=\"async\" class=\"alignnone size-medium wp-image-104\" src=\"https:\/\/www.domainedebregancon.com\/wp-content\/uploads\/2023\/12\/20230327_1218212-300x225.jpg\" alt=\"\" width=\"300\" height=\"225\" srcset=\"https:\/\/www.domainedebregancon.com\/wp-content\/uploads\/2023\/12\/20230327_1218212-300x225.jpg 300w, https:\/\/www.domainedebregancon.com\/wp-content\/uploads\/2023\/12\/20230327_1218212-1024x768.jpg 1024w, https:\/\/www.domainedebregancon.com\/wp-content\/uploads\/2023\/12\/20230327_1218212-768x576.jpg 768w, https:\/\/www.domainedebregancon.com\/wp-content\/uploads\/2023\/12\/20230327_1218212-1536x1152.jpg 1536w, https:\/\/www.domainedebregancon.com\/wp-content\/uploads\/2023\/12\/20230327_1218212-2048x1536.jpg 2048w\" sizes=\"(max-width: 300px) 100vw, 300px\" \/><\/p>\n<p style=\"text-align: left;\">Les terroirs qui occupent la partie centrale du Domaine, entre le Ch\u00e2teau de L\u00e9oube \u00e0 l\u2019ouest et le Ch\u00e2teau de Br\u00e9gan\u00e7on \u00e0 l\u2019est, sont compos\u00e9s d\u2019une imbrication de vignes et de maquis.<\/p>\n<p style=\"text-align: left;\"><img decoding=\"async\" class=\"alignnone size-medium wp-image-96\" src=\"https:\/\/www.domainedebregancon.com\/wp-content\/uploads\/2023\/12\/20230615_200602-300x225.jpg\" alt=\"\" width=\"300\" height=\"225\" srcset=\"https:\/\/www.domainedebregancon.com\/wp-content\/uploads\/2023\/12\/20230615_200602-300x225.jpg 300w, https:\/\/www.domainedebregancon.com\/wp-content\/uploads\/2023\/12\/20230615_200602-1024x768.jpg 1024w, https:\/\/www.domainedebregancon.com\/wp-content\/uploads\/2023\/12\/20230615_200602-768x576.jpg 768w, https:\/\/www.domainedebregancon.com\/wp-content\/uploads\/2023\/12\/20230615_200602-1536x1152.jpg 1536w, https:\/\/www.domainedebregancon.com\/wp-content\/uploads\/2023\/12\/20230615_200602-2048x1536.jpg 2048w\" sizes=\"(max-width: 300px) 100vw, 300px\" \/><\/p>\n<p style=\"text-align: left;\">Au sud, la proximit\u00e9 de la plage de l\u2019Estagnol sur laquelle le vignoble vient s\u2019achever enrichit le panorama, cr\u00e9ant un contraste saisissant entre les coteaux verdoyants et les eaux cristallines de cette plage unique.<\/p>\n<p style=\"text-align: left;\"><img decoding=\"async\" class=\"size-medium wp-image-101 alignleft\" src=\"https:\/\/www.domainedebregancon.com\/wp-content\/uploads\/2023\/12\/IMG_5654-300x225.jpg\" alt=\"\" width=\"300\" height=\"225\" srcset=\"https:\/\/www.domainedebregancon.com\/wp-content\/uploads\/2023\/12\/IMG_5654-300x225.jpg 300w, https:\/\/www.domainedebregancon.com\/wp-content\/uploads\/2023\/12\/IMG_5654-1024x768.jpg 1024w, https:\/\/www.domainedebregancon.com\/wp-content\/uploads\/2023\/12\/IMG_5654-768x576.jpg 768w, https:\/\/www.domainedebregancon.com\/wp-content\/uploads\/2023\/12\/IMG_5654-1536x1152.jpg 1536w, https:\/\/www.domainedebregancon.com\/wp-content\/uploads\/2023\/12\/IMG_5654-2048x1536.jpg 2048w\" sizes=\"(max-width: 300px) 100vw, 300px\" \/><\/p>\n<p style=\"text-align: left;\"><img decoding=\"async\" class=\"size-medium wp-image-102 alignleft\" src=\"https:\/\/www.domainedebregancon.com\/wp-content\/uploads\/2023\/12\/IMG_0692-300x225.jpg\" alt=\"\" width=\"300\" height=\"225\" srcset=\"https:\/\/www.domainedebregancon.com\/wp-content\/uploads\/2023\/12\/IMG_0692-300x225.jpg 300w, https:\/\/www.domainedebregancon.com\/wp-content\/uploads\/2023\/12\/IMG_0692-1024x768.jpg 1024w, https:\/\/www.domainedebregancon.com\/wp-content\/uploads\/2023\/12\/IMG_0692-768x576.jpg 768w, https:\/\/www.domainedebregancon.com\/wp-content\/uploads\/2023\/12\/IMG_0692-1536x1152.jpg 1536w, https:\/\/www.domainedebregancon.com\/wp-content\/uploads\/2023\/12\/IMG_0692-2048x1536.jpg 2048w\" sizes=\"(max-width: 300px) 100vw, 300px\" \/><\/p>\n<p style=\"text-align: left;\">La v\u00e9g\u00e9tation du domaine est compos\u00e9e de for\u00eats et maquis littoraux. Si le pin d\u2019Alep et le ch\u00eane li\u00e8ge sont pr\u00e9dominants, on trouve aussi des pins pignons et des pins maritimes. Ces essences dominantes sont accompagn\u00e9es d\u2019un massif arbustif, plus ou moins dense, compos\u00e9 d\u2019arbousiers, pistachiers, cypr\u00e8s, cistes, filaires, oliviers sauvages, ch\u00eanes pubescents mais aussi d\u2019esp\u00e8ces introduites r\u00e9cents dans la r\u00e9gion et invasive telles que le mimosas ou l\u2019eucalyptus.<\/p>\n<p style=\"text-align: left;\">Les sols situ\u00e9s au nord du domaine sont ancr\u00e9s dans le substratum de la \u00ab\u202fProvence cristalline\u202f\u00bb, principalement compos\u00e9s de phyllades du Massif des Maures et de filons de quartzites. B\u00e9n\u00e9fique pour la viticulture, cette structure stratifi\u00e9e des phyllades facilite une infiltration profonde de l&rsquo;eau, \u00e9vitant ainsi la formation de poches d&rsquo;eau phr\u00e9atique superficielles pouvant \u00eatre pr\u00e9judiciables au d\u00e9veloppement des syst\u00e8mes racinaires de la vigne.<\/p>\n<p style=\"text-align: left;\"><img decoding=\"async\" class=\"alignnone size-medium wp-image-95\" src=\"https:\/\/www.domainedebregancon.com\/wp-content\/uploads\/2023\/12\/20230615_193223-300x225.jpg\" alt=\"\" width=\"300\" height=\"225\" srcset=\"https:\/\/www.domainedebregancon.com\/wp-content\/uploads\/2023\/12\/20230615_193223-300x225.jpg 300w, https:\/\/www.domainedebregancon.com\/wp-content\/uploads\/2023\/12\/20230615_193223-1024x768.jpg 1024w, https:\/\/www.domainedebregancon.com\/wp-content\/uploads\/2023\/12\/20230615_193223-768x576.jpg 768w, https:\/\/www.domainedebregancon.com\/wp-content\/uploads\/2023\/12\/20230615_193223-1536x1152.jpg 1536w, https:\/\/www.domainedebregancon.com\/wp-content\/uploads\/2023\/12\/20230615_193223-2048x1536.jpg 2048w\" sizes=\"(max-width: 300px) 100vw, 300px\" \/>\u00a0 \u00a0 \u00a0 \u00a0 \u00a0 \u00a0<img decoding=\"async\" class=\"alignnone size-medium wp-image-105\" src=\"https:\/\/www.domainedebregancon.com\/wp-content\/uploads\/2023\/12\/08-05-15-Terrains-Arcades-et-Barraque-19-300x225.jpg\" alt=\"\" width=\"300\" height=\"225\" srcset=\"https:\/\/www.domainedebregancon.com\/wp-content\/uploads\/2023\/12\/08-05-15-Terrains-Arcades-et-Barraque-19-300x225.jpg 300w, https:\/\/www.domainedebregancon.com\/wp-content\/uploads\/2023\/12\/08-05-15-Terrains-Arcades-et-Barraque-19-768x576.jpg 768w, https:\/\/www.domainedebregancon.com\/wp-content\/uploads\/2023\/12\/08-05-15-Terrains-Arcades-et-Barraque-19.jpg 1024w\" sizes=\"(max-width: 300px) 100vw, 300px\" \/><\/p>\n<p style=\"text-align: left;\">De plus, l&rsquo;\u00e9rosion de ces roches m\u00e9tamorphiques au sommet du domaine a abouti \u00e0 une roche-m\u00e8re relativement tendre et facile \u00e0 travailler pour de nouvelles plantations.<\/p>\n<p style=\"text-align: left;\">Vers la partie m\u00e9ridionale du domaine, le sol \u00e9volue graduellement vers un profil d&rsquo;ar\u00e8ne. Les \u00e9l\u00e9ments grossiers r\u00e9sultant de l&rsquo;\u00e9rosion des phyllades et des quartz se font plus rares, tandis que la quantit\u00e9 de sables et d&rsquo;argiles augmente. Cette transition se termine par un massif sableux dunaire en bord de mer, o\u00f9 le pin pr\u00e9domine.<\/p>\n<p style=\"text-align: left;\"><img decoding=\"async\" class=\"alignnone size-medium wp-image-100\" src=\"https:\/\/www.domainedebregancon.com\/wp-content\/uploads\/2023\/12\/Vue-aerienne-558-et-2022-300x156.png\" alt=\"\" width=\"300\" height=\"156\" srcset=\"https:\/\/www.domainedebregancon.com\/wp-content\/uploads\/2023\/12\/Vue-aerienne-558-et-2022-300x156.png 300w, https:\/\/www.domainedebregancon.com\/wp-content\/uploads\/2023\/12\/Vue-aerienne-558-et-2022-1024x533.png 1024w, https:\/\/www.domainedebregancon.com\/wp-content\/uploads\/2023\/12\/Vue-aerienne-558-et-2022-768x400.png 768w, https:\/\/www.domainedebregancon.com\/wp-content\/uploads\/2023\/12\/Vue-aerienne-558-et-2022-1536x799.png 1536w, https:\/\/www.domainedebregancon.com\/wp-content\/uploads\/2023\/12\/Vue-aerienne-558-et-2022.png 1902w\" sizes=\"(max-width: 300px) 100vw, 300px\" \/><\/p>\n<p style=\"text-align: left;\">Les 16 hectares de vignoble du domaine &#8211; qui reposent ainsi sur un terroir naturellement propice \u00e0 la culture de la vigne tout en profitant d\u2019un climat m\u00e9diterran\u00e9en favorable charg\u00e9 d\u2019influences maritimes &#8211; se caract\u00e9risent par la culture de c\u00e9pages typiques de l\u2019AOP C\u00f4tes de Provence, comprenant le <a href=\"https:\/\/www.domainedebregancon.com\/?page_id=115\">Grenache noir<\/a>, le <a href=\"https:\/\/www.domainedebregancon.com\/?page_id=123\">Cinsault<\/a>, le <a href=\"https:\/\/www.domainedebregancon.com\/?page_id=134\">Mourv\u00e8dre<\/a>, la <a href=\"https:\/\/www.domainedebregancon.com\/?page_id=109\">Syrah<\/a>, le <a href=\"https:\/\/www.domainedebregancon.com\/?page_id=132\">Cabernet Sauvignon<\/a>, le <a href=\"https:\/\/www.domainedebregancon.com\/?page_id=127\">Carignan<\/a> et le <a href=\"https:\/\/www.domainedebregancon.com\/?page_id=129\">Vermentino<\/a>.<\/p>\n<p><img decoding=\"async\" class=\"alignnone size-medium wp-image-99 alignleft\" src=\"https:\/\/www.domainedebregancon.com\/wp-content\/uploads\/2023\/12\/20230615_200643-300x225.jpg\" alt=\"\" width=\"300\" height=\"225\" srcset=\"https:\/\/www.domainedebregancon.com\/wp-content\/uploads\/2023\/12\/20230615_200643-300x225.jpg 300w, https:\/\/www.domainedebregancon.com\/wp-content\/uploads\/2023\/12\/20230615_200643-1024x768.jpg 1024w, https:\/\/www.domainedebregancon.com\/wp-content\/uploads\/2023\/12\/20230615_200643-768x576.jpg 768w, https:\/\/www.domainedebregancon.com\/wp-content\/uploads\/2023\/12\/20230615_200643-1536x1152.jpg 1536w, https:\/\/www.domainedebregancon.com\/wp-content\/uploads\/2023\/12\/20230615_200643-2048x1536.jpg 2048w\" sizes=\"(max-width: 300px) 100vw, 300px\" \/><\/p>\n","protected":false},"excerpt":{"rendered":"<p>Le Domaine de Br\u00e9gan\u00e7on se distingue non seulement par sa situation g\u00e9ographique privil\u00e9gi\u00e9e mais aussi par la richesse et la diversit\u00e9 de son terroir. Partie int\u00e9grante du prestigieux site class\u00e9 de Br\u00e9gan\u00e7on, le domaine d\u2019une superficie de 35 hectares, avec ses collines, sa plaine et sa bande c\u00f4ti\u00e8re, offre un paysage d&rsquo;une beaut\u00e9 saisissante, o\u00f9 [&hellip;]<\/p>\n","protected":false},"author":1,"featured_media":0,"parent":0,"menu_order":0,"comment_status":"closed","ping_status":"closed","template":"","meta":{"footnotes":""},"class_list":["post-52","page","type-page","status-publish","hentry"],"yoast_head":"<!-- This site is optimized with the Yoast SEO plugin v26.4 - https:\/\/yoast.com\/wordpress\/plugins\/seo\/ -->\n<title>Notre terroir - Domaine de Br\u00e9gan\u00e7on - Viticulture et agriculture - 1816<\/title>\n<meta name=\"robots\" content=\"index, follow, max-snippet:-1, max-image-preview:large, max-video-preview:-1\" \/>\n<link rel=\"canonical\" href=\"https:\/\/www.domainedebregancon.com\/?page_id=52\" \/>\n<meta property=\"og:locale\" content=\"fr_FR\" \/>\n<meta property=\"og:type\" content=\"article\" \/>\n<meta property=\"og:title\" content=\"Notre terroir - Domaine de Br\u00e9gan\u00e7on - Viticulture et agriculture - 1816\" \/>\n<meta property=\"og:description\" content=\"Le Domaine de Br\u00e9gan\u00e7on se distingue non seulement par sa situation g\u00e9ographique privil\u00e9gi\u00e9e mais aussi par la richesse et la diversit\u00e9 de son terroir. Partie int\u00e9grante du prestigieux site class\u00e9 de Br\u00e9gan\u00e7on, le domaine d\u2019une superficie de 35 hectares, avec ses collines, sa plaine et sa bande c\u00f4ti\u00e8re, offre un paysage d&rsquo;une beaut\u00e9 saisissante, o\u00f9 [&hellip;]\" \/>\n<meta property=\"og:url\" content=\"https:\/\/www.domainedebregancon.com\/?page_id=52\" \/>\n<meta property=\"og:site_name\" content=\"Domaine de Br\u00e9gan\u00e7on - Viticulture et agriculture - 1816\" \/>\n<meta property=\"article:publisher\" content=\"https:\/\/www.facebook.com\/profile.php?id=100091526043313\" \/>\n<meta property=\"article:modified_time\" content=\"2025-11-30T22:30:46+00:00\" \/>\n<meta property=\"og:image\" content=\"https:\/\/www.domainedebregancon.com\/wp-content\/uploads\/2025\/11\/Domaine_De_Bregancon_3-JPG.jpg\" \/>\n\t<meta property=\"og:image:width\" content=\"2560\" \/>\n\t<meta property=\"og:image:height\" content=\"1808\" \/>\n\t<meta property=\"og:image:type\" content=\"image\/jpeg\" \/>\n<meta name=\"twitter:card\" content=\"summary_large_image\" \/>\n<meta name=\"twitter:site\" content=\"@bregancond\" \/>\n<meta name=\"twitter:label1\" content=\"Dur\u00e9e de lecture estim\u00e9e\" \/>\n\t<meta name=\"twitter:data1\" content=\"5 minutes\" \/>\n<script type=\"application\/ld+json\" class=\"yoast-schema-graph\">{\"@context\":\"https:\/\/schema.org\",\"@graph\":[{\"@type\":\"Article\",\"@id\":\"https:\/\/www.domainedebregancon.com\/?page_id=52#article\",\"isPartOf\":{\"@id\":\"https:\/\/www.domainedebregancon.com\/?page_id=52\"},\"author\":{\"name\":\"domainebregancon\",\"@id\":\"https:\/\/www.domainedebregancon.com\/#\/schema\/person\/2a112d173b2edc5dd7b685f26a72473b\"},\"headline\":\"Notre terroir\",\"datePublished\":\"2023-12-29T18:15:26+00:00\",\"dateModified\":\"2025-11-30T22:30:46+00:00\",\"mainEntityOfPage\":{\"@id\":\"https:\/\/www.domainedebregancon.com\/?page_id=52\"},\"wordCount\":518,\"publisher\":{\"@id\":\"https:\/\/www.domainedebregancon.com\/#organization\"},\"image\":{\"@id\":\"https:\/\/www.domainedebregancon.com\/?page_id=52#primaryimage\"},\"thumbnailUrl\":\"https:\/\/www.domainedebregancon.com\/wp-content\/uploads\/2025\/11\/Domaine_De_Bregancon_3-JPG.jpg\",\"inLanguage\":\"fr-FR\"},{\"@type\":[\"WebPage\",\"ItemPage\"],\"@id\":\"https:\/\/www.domainedebregancon.com\/?page_id=52\",\"url\":\"https:\/\/www.domainedebregancon.com\/?page_id=52\",\"name\":\"Notre terroir - Domaine de Br\u00e9gan\u00e7on - Viticulture et agriculture - 1816\",\"isPartOf\":{\"@id\":\"https:\/\/www.domainedebregancon.com\/#website\"},\"primaryImageOfPage\":{\"@id\":\"https:\/\/www.domainedebregancon.com\/?page_id=52#primaryimage\"},\"image\":{\"@id\":\"https:\/\/www.domainedebregancon.com\/?page_id=52#primaryimage\"},\"thumbnailUrl\":\"https:\/\/www.domainedebregancon.com\/wp-content\/uploads\/2025\/11\/Domaine_De_Bregancon_3-JPG.jpg\",\"datePublished\":\"2023-12-29T18:15:26+00:00\",\"dateModified\":\"2025-11-30T22:30:46+00:00\",\"breadcrumb\":{\"@id\":\"https:\/\/www.domainedebregancon.com\/?page_id=52#breadcrumb\"},\"inLanguage\":\"fr-FR\",\"potentialAction\":[{\"@type\":\"ReadAction\",\"target\":[\"https:\/\/www.domainedebregancon.com\/?page_id=52\"]}]},{\"@type\":\"ImageObject\",\"inLanguage\":\"fr-FR\",\"@id\":\"https:\/\/www.domainedebregancon.com\/?page_id=52#primaryimage\",\"url\":\"https:\/\/www.domainedebregancon.com\/wp-content\/uploads\/2025\/11\/Domaine_De_Bregancon_3-JPG.jpg\",\"contentUrl\":\"https:\/\/www.domainedebregancon.com\/wp-content\/uploads\/2025\/11\/Domaine_De_Bregancon_3-JPG.jpg\",\"width\":2560,\"height\":1808,\"caption\":\"Plan du Domaine de Br\u00e9ga\u00e7on\"},{\"@type\":\"BreadcrumbList\",\"@id\":\"https:\/\/www.domainedebregancon.com\/?page_id=52#breadcrumb\",\"itemListElement\":[{\"@type\":\"ListItem\",\"position\":1,\"name\":\"Accueil\",\"item\":\"https:\/\/www.domainedebregancon.com\/\"},{\"@type\":\"ListItem\",\"position\":2,\"name\":\"Notre terroir\"}]},{\"@type\":\"WebSite\",\"@id\":\"https:\/\/www.domainedebregancon.com\/#website\",\"url\":\"https:\/\/www.domainedebregancon.com\/\",\"name\":\"Domaine de Br\u00e9gan\u00e7on\",\"description\":\"\",\"publisher\":{\"@id\":\"https:\/\/www.domainedebregancon.com\/#organization\"},\"potentialAction\":[{\"@type\":\"SearchAction\",\"target\":{\"@type\":\"EntryPoint\",\"urlTemplate\":\"https:\/\/www.domainedebregancon.com\/?s={search_term_string}\"},\"query-input\":{\"@type\":\"PropertyValueSpecification\",\"valueRequired\":true,\"valueName\":\"search_term_string\"}}],\"inLanguage\":\"fr-FR\"},{\"@type\":\"Organization\",\"@id\":\"https:\/\/www.domainedebregancon.com\/#organization\",\"name\":\"DOMAINE DE BREGANCON\",\"url\":\"https:\/\/www.domainedebregancon.com\/\",\"logo\":{\"@type\":\"ImageObject\",\"inLanguage\":\"fr-FR\",\"@id\":\"https:\/\/www.domainedebregancon.com\/#\/schema\/logo\/image\/\",\"url\":\"https:\/\/www.domainedebregancon.com\/wp-content\/uploads\/2023\/01\/Logo-Domaine-de-Bregancon-1.png\",\"contentUrl\":\"https:\/\/www.domainedebregancon.com\/wp-content\/uploads\/2023\/01\/Logo-Domaine-de-Bregancon-1.png\",\"width\":737,\"height\":150,\"caption\":\"DOMAINE DE BREGANCON\"},\"image\":{\"@id\":\"https:\/\/www.domainedebregancon.com\/#\/schema\/logo\/image\/\"},\"sameAs\":[\"https:\/\/www.facebook.com\/profile.php?id=100091526043313\",\"https:\/\/x.com\/bregancond\",\"https:\/\/instagram.com\/domaine_de_bregancon\",\"https:\/\/www.linkedin.com\/company\/domaine-de-brganon\/\"]},{\"@type\":\"Person\",\"@id\":\"https:\/\/www.domainedebregancon.com\/#\/schema\/person\/2a112d173b2edc5dd7b685f26a72473b\",\"name\":\"domainebregancon\",\"image\":{\"@type\":\"ImageObject\",\"inLanguage\":\"fr-FR\",\"@id\":\"https:\/\/www.domainedebregancon.com\/#\/schema\/person\/image\/\",\"url\":\"https:\/\/secure.gravatar.com\/avatar\/9f9476c6854934c91868dce76c975033cb922acf0bd14f0d81f4613d51daa4ab?s=96&d=mm&r=g\",\"contentUrl\":\"https:\/\/secure.gravatar.com\/avatar\/9f9476c6854934c91868dce76c975033cb922acf0bd14f0d81f4613d51daa4ab?s=96&d=mm&r=g\",\"caption\":\"domainebregancon\"},\"sameAs\":[\"http:\/\/www.domainedebregancon.com\"],\"url\":\"https:\/\/www.domainedebregancon.com\/?author=1\"}]}<\/script>\n<!-- \/ Yoast SEO plugin. -->","yoast_head_json":{"title":"Notre terroir - Domaine de Br\u00e9gan\u00e7on - Viticulture et agriculture - 1816","robots":{"index":"index","follow":"follow","max-snippet":"max-snippet:-1","max-image-preview":"max-image-preview:large","max-video-preview":"max-video-preview:-1"},"canonical":"https:\/\/www.domainedebregancon.com\/?page_id=52","og_locale":"fr_FR","og_type":"article","og_title":"Notre terroir - Domaine de Br\u00e9gan\u00e7on - Viticulture et agriculture - 1816","og_description":"Le Domaine de Br\u00e9gan\u00e7on se distingue non seulement par sa situation g\u00e9ographique privil\u00e9gi\u00e9e mais aussi par la richesse et la diversit\u00e9 de son terroir. Partie int\u00e9grante du prestigieux site class\u00e9 de Br\u00e9gan\u00e7on, le domaine d\u2019une superficie de 35 hectares, avec ses collines, sa plaine et sa bande c\u00f4ti\u00e8re, offre un paysage d&rsquo;une beaut\u00e9 saisissante, o\u00f9 [&hellip;]","og_url":"https:\/\/www.domainedebregancon.com\/?page_id=52","og_site_name":"Domaine de Br\u00e9gan\u00e7on - Viticulture et agriculture - 1816","article_publisher":"https:\/\/www.facebook.com\/profile.php?id=100091526043313","article_modified_time":"2025-11-30T22:30:46+00:00","og_image":[{"width":2560,"height":1808,"url":"https:\/\/www.domainedebregancon.com\/wp-content\/uploads\/2025\/11\/Domaine_De_Bregancon_3-JPG.jpg","type":"image\/jpeg"}],"twitter_card":"summary_large_image","twitter_site":"@bregancond","twitter_misc":{"Dur\u00e9e de lecture estim\u00e9e":"5 minutes"},"schema":{"@context":"https:\/\/schema.org","@graph":[{"@type":"Article","@id":"https:\/\/www.domainedebregancon.com\/?page_id=52#article","isPartOf":{"@id":"https:\/\/www.domainedebregancon.com\/?page_id=52"},"author":{"name":"domainebregancon","@id":"https:\/\/www.domainedebregancon.com\/#\/schema\/person\/2a112d173b2edc5dd7b685f26a72473b"},"headline":"Notre terroir","datePublished":"2023-12-29T18:15:26+00:00","dateModified":"2025-11-30T22:30:46+00:00","mainEntityOfPage":{"@id":"https:\/\/www.domainedebregancon.com\/?page_id=52"},"wordCount":518,"publisher":{"@id":"https:\/\/www.domainedebregancon.com\/#organization"},"image":{"@id":"https:\/\/www.domainedebregancon.com\/?page_id=52#primaryimage"},"thumbnailUrl":"https:\/\/www.domainedebregancon.com\/wp-content\/uploads\/2025\/11\/Domaine_De_Bregancon_3-JPG.jpg","inLanguage":"fr-FR"},{"@type":["WebPage","ItemPage"],"@id":"https:\/\/www.domainedebregancon.com\/?page_id=52","url":"https:\/\/www.domainedebregancon.com\/?page_id=52","name":"Notre terroir - Domaine de Br\u00e9gan\u00e7on - Viticulture et agriculture - 1816","isPartOf":{"@id":"https:\/\/www.domainedebregancon.com\/#website"},"primaryImageOfPage":{"@id":"https:\/\/www.domainedebregancon.com\/?page_id=52#primaryimage"},"image":{"@id":"https:\/\/www.domainedebregancon.com\/?page_id=52#primaryimage"},"thumbnailUrl":"https:\/\/www.domainedebregancon.com\/wp-content\/uploads\/2025\/11\/Domaine_De_Bregancon_3-JPG.jpg","datePublished":"2023-12-29T18:15:26+00:00","dateModified":"2025-11-30T22:30:46+00:00","breadcrumb":{"@id":"https:\/\/www.domainedebregancon.com\/?page_id=52#breadcrumb"},"inLanguage":"fr-FR","potentialAction":[{"@type":"ReadAction","target":["https:\/\/www.domainedebregancon.com\/?page_id=52"]}]},{"@type":"ImageObject","inLanguage":"fr-FR","@id":"https:\/\/www.domainedebregancon.com\/?page_id=52#primaryimage","url":"https:\/\/www.domainedebregancon.com\/wp-content\/uploads\/2025\/11\/Domaine_De_Bregancon_3-JPG.jpg","contentUrl":"https:\/\/www.domainedebregancon.com\/wp-content\/uploads\/2025\/11\/Domaine_De_Bregancon_3-JPG.jpg","width":2560,"height":1808,"caption":"Plan du Domaine de Br\u00e9ga\u00e7on"},{"@type":"BreadcrumbList","@id":"https:\/\/www.domainedebregancon.com\/?page_id=52#breadcrumb","itemListElement":[{"@type":"ListItem","position":1,"name":"Accueil","item":"https:\/\/www.domainedebregancon.com\/"},{"@type":"ListItem","position":2,"name":"Notre terroir"}]},{"@type":"WebSite","@id":"https:\/\/www.domainedebregancon.com\/#website","url":"https:\/\/www.domainedebregancon.com\/","name":"Domaine de Br\u00e9gan\u00e7on","description":"","publisher":{"@id":"https:\/\/www.domainedebregancon.com\/#organization"},"potentialAction":[{"@type":"SearchAction","target":{"@type":"EntryPoint","urlTemplate":"https:\/\/www.domainedebregancon.com\/?s={search_term_string}"},"query-input":{"@type":"PropertyValueSpecification","valueRequired":true,"valueName":"search_term_string"}}],"inLanguage":"fr-FR"},{"@type":"Organization","@id":"https:\/\/www.domainedebregancon.com\/#organization","name":"DOMAINE DE BREGANCON","url":"https:\/\/www.domainedebregancon.com\/","logo":{"@type":"ImageObject","inLanguage":"fr-FR","@id":"https:\/\/www.domainedebregancon.com\/#\/schema\/logo\/image\/","url":"https:\/\/www.domainedebregancon.com\/wp-content\/uploads\/2023\/01\/Logo-Domaine-de-Bregancon-1.png","contentUrl":"https:\/\/www.domainedebregancon.com\/wp-content\/uploads\/2023\/01\/Logo-Domaine-de-Bregancon-1.png","width":737,"height":150,"caption":"DOMAINE DE BREGANCON"},"image":{"@id":"https:\/\/www.domainedebregancon.com\/#\/schema\/logo\/image\/"},"sameAs":["https:\/\/www.facebook.com\/profile.php?id=100091526043313","https:\/\/x.com\/bregancond","https:\/\/instagram.com\/domaine_de_bregancon","https:\/\/www.linkedin.com\/company\/domaine-de-brganon\/"]},{"@type":"Person","@id":"https:\/\/www.domainedebregancon.com\/#\/schema\/person\/2a112d173b2edc5dd7b685f26a72473b","name":"domainebregancon","image":{"@type":"ImageObject","inLanguage":"fr-FR","@id":"https:\/\/www.domainedebregancon.com\/#\/schema\/person\/image\/","url":"https:\/\/secure.gravatar.com\/avatar\/9f9476c6854934c91868dce76c975033cb922acf0bd14f0d81f4613d51daa4ab?s=96&d=mm&r=g","contentUrl":"https:\/\/secure.gravatar.com\/avatar\/9f9476c6854934c91868dce76c975033cb922acf0bd14f0d81f4613d51daa4ab?s=96&d=mm&r=g","caption":"domainebregancon"},"sameAs":["http:\/\/www.domainedebregancon.com"],"url":"https:\/\/www.domainedebregancon.com\/?author=1"}]}},"jetpack_sharing_enabled":true,"_links":{"self":[{"href":"https:\/\/www.domainedebregancon.com\/index.php?rest_route=\/wp\/v2\/pages\/52","targetHints":{"allow":["GET"]}}],"collection":[{"href":"https:\/\/www.domainedebregancon.com\/index.php?rest_route=\/wp\/v2\/pages"}],"about":[{"href":"https:\/\/www.domainedebregancon.com\/index.php?rest_route=\/wp\/v2\/types\/page"}],"author":[{"embeddable":true,"href":"https:\/\/www.domainedebregancon.com\/index.php?rest_route=\/wp\/v2\/users\/1"}],"replies":[{"embeddable":true,"href":"https:\/\/www.domainedebregancon.com\/index.php?rest_route=%2Fwp%2Fv2%2Fcomments&post=52"}],"version-history":[{"count":18,"href":"https:\/\/www.domainedebregancon.com\/index.php?rest_route=\/wp\/v2\/pages\/52\/revisions"}],"predecessor-version":[{"id":187,"href":"https:\/\/www.domainedebregancon.com\/index.php?rest_route=\/wp\/v2\/pages\/52\/revisions\/187"}],"wp:attachment":[{"href":"https:\/\/www.domainedebregancon.com\/index.php?rest_route=%2Fwp%2Fv2%2Fmedia&parent=52"}],"curies":[{"name":"wp","href":"https:\/\/api.w.org\/{rel}","templated":true}]}}